{"id":7052,"date":"2016-06-17T11:34:09","date_gmt":"2016-06-17T09:34:09","guid":{"rendered":"http:\/\/berndluz.de\/fr\/?page_id=7052"},"modified":"2018-11-16T15:42:45","modified_gmt":"2018-11-16T13:42:45","slug":"background","status":"publish","type":"page","link":"https:\/\/berndluz.de\/fr\/background\/","title":{"rendered":"INFORMATIONS G\u00c9N\u00c9RALES"},"content":{"rendered":"<div class=\"wpb-content-wrapper\"><p>[vc_row][vc_column][vc_column_text]<\/p>\n<h3><span style=\"color: #fe9603;\"><span id=\"result_box\" class=\"short_text\" lang=\"fr\"><span class=\"\">D\u00c9CLARATION<\/span><\/span><\/span><\/h3>\n<p><span id=\"result_box\" class=\"\" lang=\"fr\">Une petite anecdote de la vie de Carl Spitzweg: Un visiteur de son studio a dit: Sur cette image, je ne peux pas obtenir assez de moi. Puis Spitzweg: \u00abJe ne sais pas, et c&rsquo;est pourquoi je le vends.\u00a0\u00bb Celui qui acquiert une image de moi, obtient toujours <span class=\"\">un morceau de moi<\/span>. L&rsquo;image sera \u00e9gayer l&rsquo;espace et rayonner de l&rsquo;\u00e9nergie, un effet positif sur <span class=\"\">l&rsquo;environnement.<\/span><\/span><\/p>\n<p>&nbsp;<\/p>\n<p>&nbsp;<\/p>\n<p>Une image particuli\u00e8re est toujours un \u00e9tat d&rsquo;esprit, ayant une d\u00e9claration politique de cosmo et en m\u00eame temps <span class=\"\">un investissement<\/span>, un atout et une source d&rsquo;inspiration pour votre vie quotidienne. Je suis tr\u00e8s heureux <span class=\"\">quand<\/span> une image similaire et la valeur est estim\u00e9e. Je d\u00e9teste me \u00e0 partir d&rsquo;une image distincte<span class=\"\">, donc<\/span> \u00e7a me rend heureux, m\u00eame si elle acquiert quelqu&rsquo;un et je sais qu&rsquo;il est dans de bonnes <span class=\"\">mains.<\/span>[\/vc_column_text][vc_row_inner][vc_column_inner][vc_separator color=\u00a0\u00bbcustom\u00a0\u00bb align=\u00a0\u00bbalign_left\u00a0\u00bb border_width=\u00a0\u00bb2&Prime; accent_color=\u00a0\u00bb#fe9306&Prime; css=\u00a0\u00bb.vc_custom_1464105972368{margin-bottom: -10px !important;border-bottom-width: -10px !important;padding-bottom: -10px !important;}\u00a0\u00bb][vc_empty_space height=\u00a0\u00bb16&Prime;][\/vc_column_inner][\/vc_row_inner][vc_single_image image=\u00a0\u00bb6704&Prime; img_size=\u00a0\u00bbfull\u00a0\u00bb alignment=\u00a0\u00bbcenter\u00a0\u00bb css_animation=\u00a0\u00bbappear\u00a0\u00bb][vc_column_text]<\/p>\n<h3><span style=\"color: #fe9603;\"><span id=\"result_box\" class=\"short_text\" lang=\"fr\"><span class=\"\">ORIGINAUX<\/span><\/span><\/span><\/h3>\n<p><span id=\"result_box\" class=\"\" lang=\"fr\">Chaque plante AbstraktPop est unique et original. M\u00eame si le collage sera mis en \u0153uvre dans une composition modifi\u00e9e, d&rsquo;autres couleurs et de taille diff\u00e9rentes. Parce que m\u00eame <span class=\"\">la base de chaque<\/span> <span class=\"\">plante est une<\/span> \u0153uvre abstraite unique. <\/span><span id=\"result_box\" class=\"\" lang=\"fr\">Chaque \u0153uvre est <span class=\"\">accompagn\u00e9e d&rsquo;un certificat<\/span><span class=\"\">.<\/span><\/span>[\/vc_column_text][\/vc_column][\/vc_row]<\/p>\n<\/div>","protected":false},"excerpt":{"rendered":"<p>[vc_row][vc_column][vc_column_text] D\u00c9CLARATION Une petite anecdote de la vie de Carl Spitzweg: Un visiteur de son studio a dit: Sur cette image, je ne peux pas obtenir assez de moi. Puis Spitzweg: \u00abJe ne sais pas, et c&rsquo;est pourquoi je le vends.\u00a0\u00bb Celui qui acquiert une image de moi, obtient toujours un morceau de moi. L&rsquo;image [&hellip;]<\/p>\n","protected":false},"author":4,"featured_media":0,"parent":0,"menu_order":0,"comment_status":"closed","ping_status":"closed","template":"","meta":{"footnotes":""},"class_list":["post-7052","page","type-page","status-publish","hentry"],"yoast_head":"<!-- This site is optimized with the Yoast SEO plugin v26.8 - https:\/\/yoast.com\/product\/yoast-seo-wordpress\/ -->\n<title>INFORMATIONS G\u00c9N\u00c9RALES - Bernd Luz<\/title>\n<meta name=\"robots\" content=\"index, follow, max-snippet:-1, max-image-preview:large, max-video-preview:-1\" \/>\n<link rel=\"canonical\" href=\"https:\/\/berndluz.de\/fr\/background\/\" \/>\n<meta property=\"og:locale\" content=\"fr_FR\" \/>\n<meta property=\"og:type\" content=\"article\" \/>\n<meta property=\"og:title\" content=\"INFORMATIONS G\u00c9N\u00c9RALES - Bernd Luz\" \/>\n<meta property=\"og:description\" content=\"[vc_row][vc_column][vc_column_text] D\u00c9CLARATION Une petite anecdote de la vie de Carl Spitzweg: Un visiteur de son studio a dit: Sur cette image, je ne peux pas obtenir assez de moi. Puis Spitzweg: \u00abJe ne sais pas, et c&rsquo;est pourquoi je le vends.\u00a0\u00bb Celui qui acquiert une image de moi, obtient toujours un morceau de moi. L&rsquo;image [&hellip;]\" \/>\n<meta property=\"og:url\" content=\"https:\/\/berndluz.de\/fr\/background\/\" \/>\n<meta property=\"og:site_name\" content=\"Bernd Luz\" \/>\n<meta property=\"article:modified_time\" content=\"2018-11-16T13:42:45+00:00\" \/>\n<meta name=\"twitter:card\" content=\"summary_large_image\" \/>\n<meta name=\"twitter:label1\" content=\"Dur\u00e9e de lecture estim\u00e9e\" \/>\n\t<meta name=\"twitter:data1\" content=\"1 minute\" \/>\n<script type=\"application\/ld+json\" class=\"yoast-schema-graph\">{\"@context\":\"https:\/\/schema.org\",\"@graph\":[{\"@type\":\"WebPage\",\"@id\":\"https:\/\/berndluz.de\/fr\/background\/\",\"url\":\"https:\/\/berndluz.de\/fr\/background\/\",\"name\":\"INFORMATIONS G\u00c9N\u00c9RALES - Bernd Luz\",\"isPartOf\":{\"@id\":\"https:\/\/berndluz.de\/fr\/#website\"},\"datePublished\":\"2016-06-17T09:34:09+00:00\",\"dateModified\":\"2018-11-16T13:42:45+00:00\",\"breadcrumb\":{\"@id\":\"https:\/\/berndluz.de\/fr\/background\/#breadcrumb\"},\"inLanguage\":\"fr-FR\",\"potentialAction\":[{\"@type\":\"ReadAction\",\"target\":[\"https:\/\/berndluz.de\/fr\/background\/\"]}]},{\"@type\":\"BreadcrumbList\",\"@id\":\"https:\/\/berndluz.de\/fr\/background\/#breadcrumb\",\"itemListElement\":[{\"@type\":\"ListItem\",\"position\":1,\"name\":\"Startseite\",\"item\":\"https:\/\/berndluz.de\/fr\/\"},{\"@type\":\"ListItem\",\"position\":2,\"name\":\"INFORMATIONS G\u00c9N\u00c9RALES\"}]},{\"@type\":\"WebSite\",\"@id\":\"https:\/\/berndluz.de\/fr\/#website\",\"url\":\"https:\/\/berndluz.de\/fr\/\",\"name\":\"Bernd Luz\",\"description\":\"Bernd Luz\",\"potentialAction\":[{\"@type\":\"SearchAction\",\"target\":{\"@type\":\"EntryPoint\",\"urlTemplate\":\"https:\/\/berndluz.de\/fr\/?s={search_term_string}\"},\"query-input\":{\"@type\":\"PropertyValueSpecification\",\"valueRequired\":true,\"valueName\":\"search_term_string\"}}],\"inLanguage\":\"fr-FR\"}]}<\/script>\n<!-- \/ Yoast SEO plugin. -->","yoast_head_json":{"title":"INFORMATIONS G\u00c9N\u00c9RALES - Bernd Luz","robots":{"index":"index","follow":"follow","max-snippet":"max-snippet:-1","max-image-preview":"max-image-preview:large","max-video-preview":"max-video-preview:-1"},"canonical":"https:\/\/berndluz.de\/fr\/background\/","og_locale":"fr_FR","og_type":"article","og_title":"INFORMATIONS G\u00c9N\u00c9RALES - Bernd Luz","og_description":"[vc_row][vc_column][vc_column_text] D\u00c9CLARATION Une petite anecdote de la vie de Carl Spitzweg: Un visiteur de son studio a dit: Sur cette image, je ne peux pas obtenir assez de moi. Puis Spitzweg: \u00abJe ne sais pas, et c&rsquo;est pourquoi je le vends.\u00a0\u00bb Celui qui acquiert une image de moi, obtient toujours un morceau de moi. L&rsquo;image [&hellip;]","og_url":"https:\/\/berndluz.de\/fr\/background\/","og_site_name":"Bernd Luz","article_modified_time":"2018-11-16T13:42:45+00:00","twitter_card":"summary_large_image","twitter_misc":{"Dur\u00e9e de lecture estim\u00e9e":"1 minute"},"schema":{"@context":"https:\/\/schema.org","@graph":[{"@type":"WebPage","@id":"https:\/\/berndluz.de\/fr\/background\/","url":"https:\/\/berndluz.de\/fr\/background\/","name":"INFORMATIONS G\u00c9N\u00c9RALES - Bernd Luz","isPartOf":{"@id":"https:\/\/berndluz.de\/fr\/#website"},"datePublished":"2016-06-17T09:34:09+00:00","dateModified":"2018-11-16T13:42:45+00:00","breadcrumb":{"@id":"https:\/\/berndluz.de\/fr\/background\/#breadcrumb"},"inLanguage":"fr-FR","potentialAction":[{"@type":"ReadAction","target":["https:\/\/berndluz.de\/fr\/background\/"]}]},{"@type":"BreadcrumbList","@id":"https:\/\/berndluz.de\/fr\/background\/#breadcrumb","itemListElement":[{"@type":"ListItem","position":1,"name":"Startseite","item":"https:\/\/berndluz.de\/fr\/"},{"@type":"ListItem","position":2,"name":"INFORMATIONS G\u00c9N\u00c9RALES"}]},{"@type":"WebSite","@id":"https:\/\/berndluz.de\/fr\/#website","url":"https:\/\/berndluz.de\/fr\/","name":"Bernd Luz","description":"Bernd Luz","potentialAction":[{"@type":"SearchAction","target":{"@type":"EntryPoint","urlTemplate":"https:\/\/berndluz.de\/fr\/?s={search_term_string}"},"query-input":{"@type":"PropertyValueSpecification","valueRequired":true,"valueName":"search_term_string"}}],"inLanguage":"fr-FR"}]}},"_links":{"self":[{"href":"https:\/\/berndluz.de\/fr\/wp-json\/wp\/v2\/pages\/7052","targetHints":{"allow":["GET"]}}],"collection":[{"href":"https:\/\/berndluz.de\/fr\/wp-json\/wp\/v2\/pages"}],"about":[{"href":"https:\/\/berndluz.de\/fr\/wp-json\/wp\/v2\/types\/page"}],"author":[{"embeddable":true,"href":"https:\/\/berndluz.de\/fr\/wp-json\/wp\/v2\/users\/4"}],"replies":[{"embeddable":true,"href":"https:\/\/berndluz.de\/fr\/wp-json\/wp\/v2\/comments?post=7052"}],"version-history":[{"count":3,"href":"https:\/\/berndluz.de\/fr\/wp-json\/wp\/v2\/pages\/7052\/revisions"}],"predecessor-version":[{"id":17293,"href":"https:\/\/berndluz.de\/fr\/wp-json\/wp\/v2\/pages\/7052\/revisions\/17293"}],"wp:attachment":[{"href":"https:\/\/berndluz.de\/fr\/wp-json\/wp\/v2\/media?parent=7052"}],"curies":[{"name":"wp","href":"https:\/\/api.w.org\/{rel}","templated":true}]}}