{"id":7056,"date":"2016-06-17T11:37:01","date_gmt":"2016-06-17T09:37:01","guid":{"rendered":"http:\/\/berndluz.de\/fr\/?page_id=7056"},"modified":"2023-09-27T17:02:18","modified_gmt":"2023-09-27T15:02:18","slug":"livres-et-calendrier","status":"publish","type":"page","link":"https:\/\/berndluz.de\/fr\/livres-et-calendrier\/","title":{"rendered":"LIVRES ET CALENDRIER"},"content":{"rendered":"<div class=\"wpb-content-wrapper\"><p>[vc_row][vc_column width=\u00a0\u00bb4\/12&Prime;][vc_empty_space height=\u00a0\u00bb16px\u00a0\u00bb][vc_single_image image=\u00a0\u00bb1480&Prime; img_size=\u00a0\u00bbfull\u00a0\u00bb css_animation=\u00a0\u00bbappear\u00a0\u00bb][\/vc_column][vc_column width=\u00a0\u00bb1\/12&Prime;][\/vc_column][vc_column width=\u00a0\u00bb3\/12&Prime;][vc_custom_heading text=\u00a0\u00bb- \u00e9puis\u00e9 &#8211; Livre \u00ab\u00a0course Mythe\u00ab\u00a0\u00a0\u00bb font_container=\u00a0\u00bbtag:h2|font_size:24px|text_align:left\u00a0\u00bb google_fonts=\u00a0\u00bbfont_family:Lobster%3Aregular|font_style:400%20regular%3A400%3Anormal\u00a0\u00bb][vc_column_text]<span id=\"result_box\" class=\"\" lang=\"fr\">Une tourn\u00e9e \u00e0 travers l&rsquo;histoire de l&rsquo;automobile avec des informations de fond passionnant sur les v\u00e9hicules et les \u00e9v\u00e9nements dans la course historique.<br \/>\n<span class=\"\">Allemand \/ anglais<\/span>, 128 pages, l&rsquo;auteur Bernd Luz<\/span><\/p>\n<p>Date de publication Novembre ici \u00e0 2015<br \/>\nConception <span class=\"\">agence de publicit\u00e9<\/span> revoluzion<\/p>\n<p>\u00c9dition et la distribution <span class=\"\">Stadler<\/span> Verlagsgesellschaft mbH, 78467 Konstanz<br \/>\n<a href=\"http:\/\/www.verlag-stadler.de\/artikel\/1793\" target=\"_blank\" rel=\"noopener noreferrer\">Lien<\/a> vers l&rsquo;\u00e9diteur<br \/>\n<a href=\"http:\/\/www.amazon.de\/Mythos-Rennsport-F%C3%BChrung-automobile-Rennsportgeschichte\/dp\/3797705972\/ref=asap_bc?ie=UTF8\" target=\"_blank\" rel=\"noopener noreferrer\">Lien<\/a> vers Amazon<br \/>\nPrix \u20ac 29,95, ISBN <span class=\"\">978-3-7977-0597-6<\/span>[\/vc_column_text][\/vc_column][vc_column width=\u00a0\u00bb4\/12&Prime;][vc_empty_space height=\u00a0\u00bb16px\u00a0\u00bb][vc_single_image image=\u00a0\u00bb6614&Prime; img_size=\u00a0\u00bbfull\u00a0\u00bb css_animation=\u00a0\u00bbappear\u00a0\u00bb][\/vc_column][\/vc_row][vc_row][vc_column width=\u00a0\u00bb4\/12&Prime;][vc_empty_space height=\u00a0\u00bb16px\u00a0\u00bb][vc_single_image image=\u00a0\u00bb1484&Prime; img_size=\u00a0\u00bbfull\u00a0\u00bb css_animation=\u00a0\u00bbappear\u00a0\u00bb][\/vc_column][vc_column width=\u00a0\u00bb1\/12&Prime;][\/vc_column][vc_column width=\u00a0\u00bb3\/12&Prime;][vc_custom_heading text=\u00a0\u00bbLivre \u00ab\u00a0R\u00e9sum\u00e9 Pop\u00ab\u00a0\u00a0\u00bb font_container=\u00a0\u00bbtag:h2|font_size:24px|text_align:left\u00a0\u00bb google_fonts=\u00a0\u00bbfont_family:Lobster%3Aregular|font_style:400%20regular%3A400%3Anormal\u00a0\u00bb][vc_column_text]<span id=\"result_box\" class=\"\" lang=\"fr\">Pop Strat\u00e9gie et la po\u00e9sie des couleurs. Art abstrait et automobile<br \/>\nAvec des images cit\u00e9s \u0153uvres clout\u00e9s qui sont consacr\u00e9s \u00e0 diff\u00e9rents sujets.<br \/>\nAllemand, 112 <span class=\"\">pages<\/span>, l&rsquo;auteur Bernd Luz<\/span><\/p>\n<p>Date de publication <span class=\"\">D\u00e9cembre<\/span> 2014<br \/>\nConception agence de publicit\u00e9 revoluzion<\/p>\n<p><a href=\"http:\/\/www.amazon.de\/Bernd-Luz-Pop-Strategie-Farb-Poesie-automobile\/dp\/3000478574\" target=\"_blank\" rel=\"noopener noreferrer\">Lien<\/a> vers Amazon<br \/>\nPrix Euro 26, &#8211; \/ ISBN <span class=\"\">978-3-0004-7857-4<\/span>[\/vc_column_text][\/vc_column][vc_column width=\u00a0\u00bb4\/12&Prime;][vc_empty_space height=\u00a0\u00bb16px\u00a0\u00bb][vc_single_image image=\u00a0\u00bb6621&Prime; img_size=\u00a0\u00bbfull\u00a0\u00bb css_animation=\u00a0\u00bbappear\u00a0\u00bb][\/vc_column][\/vc_row][vc_row][vc_column width=\u00a0\u00bb4\/12&Prime;][vc_empty_space height=\u00a0\u00bb16px\u00a0\u00bb][vc_single_image image=\u00a0\u00bb22282&Prime; img_size=\u00a0\u00bbfull\u00a0\u00bb css_animation=\u00a0\u00bbappear\u00a0\u00bb][\/vc_column][vc_column width=\u00a0\u00bb1\/12&Prime;][\/vc_column][vc_column width=\u00a0\u00bb3\/12&Prime;][vc_custom_heading text=\u00a0\u00bb- \u00e9puis\u00e9 &#8211; Calendrier \u00ab\u00a0CarCult 2016 &amp; 2017\u00ab\u00a0\u00a0\u00bb font_container=\u00a0\u00bbtag:h2|font_size:24px|text_align:left\u00a0\u00bb google_fonts=\u00a0\u00bbfont_family:Lobster%3Aregular|font_style:400%20regular%3A400%3Anormal\u00a0\u00bb][vc_column_text]\u00c9diteurs d&rsquo;art Ackerman<\/p>\n<p>Anglais, Allemand<\/p>\n<p>&nbsp;<\/p>\n<p><strong>2016<\/strong><br \/>\n<a href=\"http:\/\/www.amazon.de\/Car-Cult-2016-Bernd-Luz\/dp\/3838426118\/ref=pd_rhf_dp_p_img_2?ie=UTF8&amp;refRID=0N78XB3473Q5GBW42JG1\" target=\"_blank\" rel=\"noopener noreferrer\">Link<\/a>\u00a0vers Amazon<\/p>\n<p><strong>2017<\/strong><br \/>\n<a href=\"http:\/\/www.amazon.de\/Car-Cult-2017-Bernd-Luz\/dp\/3838427114\/ref=sr_1_7?s=books&amp;ie=UTF8&amp;qid=1462396695&amp;sr=1-7\" target=\"_blank\" rel=\"noopener noreferrer\">Link<\/a>\u00a0vers Amazon<\/p>\n<p>Taille : 54,5 x 48,4 cm.<\/p>\n<p>Lors de la commande de grandes quantit\u00e9s, le calendrier peut \u00eatre personnalis\u00e9 avec votre logo directement aupr\u00e8s d&rsquo;Ackermann-Verlag.[\/vc_column_text][\/vc_column][vc_column width=\u00a0\u00bb4\/12&Prime;][\/vc_column][\/vc_row][vc_row][vc_column width=\u00a0\u00bb4\/12&Prime;][vc_single_image image=\u00a0\u00bb24947&Prime; img_size=\u00a0\u00bbfull\u00a0\u00bb css_animation=\u00a0\u00bbappear\u00a0\u00bb][\/vc_column][vc_column width=\u00a0\u00bb1\/12&Prime;][\/vc_column][vc_column width=\u00a0\u00bb3\/12&Prime;][vc_custom_heading text=\u00a0\u00bbCalendrier \u00ab\u00a0PopPourri 2024&Prime; font_container=\u00a0\u00bbtag:h2|font_size:24px|text_align:left\u00a0\u00bb google_fonts=\u00a0\u00bbfont_family:Lobster%3Aregular|font_style:400%20regular%3A400%3Anormal\u00a0\u00bb][vc_column_text]limit\u00e9 \u00e0 600 exemplaires<br \/>\nAnglais, Allemand, Russe<\/p>\n<p>Taille: 42 x 59.4cm[\/vc_column_text][\/vc_column][vc_column width=\u00a0\u00bb4\/12&Prime;][\/vc_column][\/vc_row][vc_row][vc_column width=\u00a0\u00bb4\/12&Prime;][vc_single_image image=\u00a0\u00bb24943&Prime; img_size=\u00a0\u00bbfull\u00a0\u00bb css_animation=\u00a0\u00bbappear\u00a0\u00bb][\/vc_column][vc_column width=\u00a0\u00bb1\/12&Prime;][\/vc_column][vc_column width=\u00a0\u00bb3\/12&Prime;][vc_custom_heading text=\u00a0\u00bbCalendrier \u00ab\u00a0Racetracks\u00ab\u00a0 2023&Prime; font_container=\u00a0\u00bbtag:h2|font_size:24px|text_align:left\u00a0\u00bb google_fonts=\u00a0\u00bbfont_family:Lobster%3Aregular|font_style:400%20regular%3A400%3Anormal\u00a0\u00bb][vc_column_text]limit\u00e9 \u00e0 600 exemplaires<br \/>\nAnglais, Allemand, Russe<\/p>\n<p>Taille: 42 x 59.4cm[\/vc_column_text][\/vc_column][vc_column width=\u00a0\u00bb4\/12&Prime;][\/vc_column][\/vc_row][vc_row][vc_column width=\u00a0\u00bb4\/12&Prime;][vc_single_image image=\u00a0\u00bb22483&Prime; img_size=\u00a0\u00bbfull\u00a0\u00bb css_animation=\u00a0\u00bbappear\u00a0\u00bb][\/vc_column][vc_column width=\u00a0\u00bb1\/12&Prime;][\/vc_column][vc_column width=\u00a0\u00bb3\/12&Prime;][vc_custom_heading text=\u00a0\u00bbCalendrier des ic\u00f4nes de course 2022&Prime; font_container=\u00a0\u00bbtag:h2|font_size:24px|text_align:left\u00a0\u00bb google_fonts=\u00a0\u00bbfont_family:Lobster%3Aregular|font_style:400%20regular%3A400%3Anormal\u00a0\u00bb][vc_column_text]limit\u00e9 \u00e0 600 exemplaires<br \/>\nAnglais, Allemand, Russe<\/p>\n<p>Taille: 42 x 59.4cm[\/vc_column_text][\/vc_column][vc_column width=\u00a0\u00bb4\/12&Prime;][\/vc_column][\/vc_row][vc_row][vc_column width=\u00a0\u00bb4\/12&Prime;][vc_single_image image=\u00a0\u00bb22252&Prime; img_size=\u00a0\u00bbfull\u00a0\u00bb css_animation=\u00a0\u00bbappear\u00a0\u00bb][\/vc_column][vc_column width=\u00a0\u00bb1\/12&Prime;][\/vc_column][vc_column width=\u00a0\u00bb3\/12&Prime;][vc_custom_heading text=\u00a0\u00bbCalendrier \u00ab\u00a0Star Legends\u00ab\u00a0 2021&Prime; font_container=\u00a0\u00bbtag:h2|font_size:24px|text_align:left\u00a0\u00bb google_fonts=\u00a0\u00bbfont_family:Lobster%3Aregular|font_style:400%20regular%3A400%3Anormal\u00a0\u00bb][vc_column_text]limit\u00e9 \u00e0 500 exemplaires<br \/>\nAnglais, Allemand, Russe<\/p>\n<p>Taille: 42 x 59.4cm[\/vc_column_text][\/vc_column][vc_column width=\u00a0\u00bb4\/12&Prime;][\/vc_column][\/vc_row][vc_row][vc_column width=\u00a0\u00bb4\/12&Prime;][vc_single_image image=\u00a0\u00bb22246&Prime; img_size=\u00a0\u00bbfull\u00a0\u00bb css_animation=\u00a0\u00bbappear\u00a0\u00bb][\/vc_column][vc_column width=\u00a0\u00bb1\/12&Prime;][\/vc_column][vc_column width=\u00a0\u00bb3\/12&Prime;][vc_custom_heading text=\u00a0\u00bbCalendrier \u00ab\u00a0Meisterwerke Reloaded\u00ab\u00a0 2020&Prime; font_container=\u00a0\u00bbtag:h2|font_size:24px|text_align:left\u00a0\u00bb google_fonts=\u00a0\u00bbfont_family:Lobster%3Aregular|font_style:400%20regular%3A400%3Anormal\u00a0\u00bb][vc_column_text]limit\u00e9 \u00e0 250 exemplaires<br \/>\nAnglais, Allemand, Russe<\/p>\n<p>Taille: 42 x 59.4cm[\/vc_column_text][\/vc_column][vc_column width=\u00a0\u00bb4\/12&Prime;][\/vc_column][\/vc_row][vc_row][vc_column width=\u00a0\u00bb4\/12&Prime;][vc_single_image image=\u00a0\u00bb18467&Prime; img_size=\u00a0\u00bbfull\u00a0\u00bb css_animation=\u00a0\u00bbappear\u00a0\u00bb][\/vc_column][vc_column width=\u00a0\u00bb1\/12&Prime;][\/vc_column][vc_column width=\u00a0\u00bb3\/12&Prime;][vc_custom_heading text=\u00a0\u00bbCalendrier \u00ab\u00a0Racing Legends\u00ab\u00a0 2019&Prime; font_container=\u00a0\u00bbtag:h2|font_size:24px|text_align:left\u00a0\u00bb google_fonts=\u00a0\u00bbfont_family:Lobster%3Aregular|font_style:400%20regular%3A400%3Anormal\u00a0\u00bb][vc_column_text]Anglais, Allemand<\/p>\n<p>Taille: 42 x 59.4cm[\/vc_column_text][\/vc_column][vc_column width=\u00a0\u00bb4\/12&Prime;][\/vc_column][\/vc_row][vc_row][vc_column width=\u00a0\u00bb4\/12&Prime;][vc_single_image image=\u00a0\u00bb18459&Prime; img_size=\u00a0\u00bbfull\u00a0\u00bb css_animation=\u00a0\u00bbappear\u00a0\u00bb][\/vc_column][vc_column width=\u00a0\u00bb1\/12&Prime;][\/vc_column][vc_column width=\u00a0\u00bb3\/12&Prime;][vc_custom_heading text=\u00a0\u00bbCalendrier \u00ab\u00a0MoviePop\u00ab\u00a0 2018&Prime; font_container=\u00a0\u00bbtag:h2|font_size:24px|text_align:left\u00a0\u00bb google_fonts=\u00a0\u00bbfont_family:Lobster%3Aregular|font_style:400%20regular%3A400%3Anormal\u00a0\u00bb][vc_column_text]Anglais, Allemand<\/p>\n<p>Taille: 42 x 59.4cm[\/vc_column_text][\/vc_column][vc_column width=\u00a0\u00bb4\/12&Prime;][\/vc_column][\/vc_row][vc_row][vc_column width=\u00a0\u00bb4\/12&Prime;][vc_single_image image=\u00a0\u00bb22262&Prime; img_size=\u00a0\u00bbfull\u00a0\u00bb css_animation=\u00a0\u00bbappear\u00a0\u00bb][\/vc_column][vc_column width=\u00a0\u00bb1\/12&Prime;][\/vc_column][vc_column width=\u00a0\u00bb3\/12&Prime;][vc_custom_heading text=\u00a0\u00bb- \u00e9puis\u00e9 &#8211; Calendrier \u00ab\u00a0CityPop 2016\u00ab\u00a0\u00a0\u00bb font_container=\u00a0\u00bbtag:h2|font_size:24px|text_align:left\u00a0\u00bb google_fonts=\u00a0\u00bbfont_family:Lobster%3Aregular|font_style:400%20regular%3A400%3Anormal\u00a0\u00bb][vc_column_text]<span id=\"result_box\" class=\"\" lang=\"fr\">Ackermann Kunstverlag<\/span><\/p>\n<p><span class=\"\">Anglais, Allemand<\/span><\/p>\n<p><a href=\"http:\/\/www.amazon.de\/City-Pop-2016-Bernd-Luz\/dp\/3838426126\/ref=pd_sim_sbs_14_2?ie=UTF8&amp;dpID=61ZJH0ikOOL&amp;dpSrc=sims&amp;preST=_AC_UL160_SR121%2C160_&amp;refRID=1C6105M57S9AAYCG609D\" target=\"_blank\" rel=\"noopener noreferrer\">Lien<\/a> vers Amazon<\/p>\n<p>ISBN: 978-3-8384-2612-9<\/p>\n<p>Taille: 66 x 50 cm<\/p>\n<p>&nbsp;<\/p>\n<p>&nbsp;<\/p>\n<p>Le calendrier a \u00e9t\u00e9 attribu\u00e9 le calendrier international Award Gregory <span class=\"\">en bronze.<\/span>[\/vc_column_text][\/vc_column][vc_column width=\u00a0\u00bb4\/12&Prime;][vc_empty_space height=\u00a0\u00bb16px\u00a0\u00bb][vc_single_image image=\u00a0\u00bb4502&Prime; img_size=\u00a0\u00bbfull\u00a0\u00bb css_animation=\u00a0\u00bbappear\u00a0\u00bb][\/vc_column][\/vc_row][vc_row][vc_column width=\u00a0\u00bb4\/12&Prime;][vc_single_image image=\u00a0\u00bb22278&Prime; img_size=\u00a0\u00bbfull\u00a0\u00bb css_animation=\u00a0\u00bbappear\u00a0\u00bb][\/vc_column][vc_column width=\u00a0\u00bb1\/12&Prime;][\/vc_column][vc_column width=\u00a0\u00bb3\/12&Prime;][vc_custom_heading text=\u00a0\u00bbCalendrier \u00ab\u00a0Factory Pop\u00ab\u00a0\u00a0\u00bb font_container=\u00a0\u00bbtag:h2|font_size:24px|text_align:left\u00a0\u00bb google_fonts=\u00a0\u00bbfont_family:Lobster%3Aregular|font_style:400%20regular%3A400%3Anormal\u00a0\u00bb][vc_column_text]calendriers individuels pour la soci\u00e9t\u00e9 Heppler \u00e0 Spaichingen<br \/>\n2016 &#8211; 2023[\/vc_column_text][\/vc_column][vc_column width=\u00a0\u00bb4\/12&Prime;][vc_empty_space height=\u00a0\u00bb16px\u00a0\u00bb][\/vc_column][\/vc_row][vc_row][vc_column width=\u00a0\u00bb4\/12&Prime;][vc_single_image image=\u00a0\u00bb18396&Prime; img_size=\u00a0\u00bbfull\u00a0\u00bb css_animation=\u00a0\u00bbappear\u00a0\u00bb][\/vc_column][vc_column width=\u00a0\u00bb1\/12&Prime;][\/vc_column][vc_column width=\u00a0\u00bb3\/12&Prime;][vc_custom_heading text=\u00a0\u00bbCalendrier \u00ab\u00a0125 ans du VfB Stuttgart\u00ab\u00a0\u00a0\u00bb font_container=\u00a0\u00bbtag:h2|font_size:24px|text_align:left\u00a0\u00bb google_fonts=\u00a0\u00bbfont_family:Lobster%3Aregular|font_style:400%20regular%3A400%3Anormal\u00a0\u00bb][vc_column_text]travail de commande<br \/>\ncalendrier officiel du VfB Stuttgart<br \/>\nTaille: 29.7 x 42cm[\/vc_column_text][\/vc_column][vc_column width=\u00a0\u00bb4\/12&Prime;][vc_empty_space height=\u00a0\u00bb16px\u00a0\u00bb][\/vc_column][\/vc_row][vc_row][vc_column width=\u00a0\u00bb4\/12&Prime;][vc_single_image image=\u00a0\u00bb22286&Prime; img_size=\u00a0\u00bbfull\u00a0\u00bb css_animation=\u00a0\u00bbappear\u00a0\u00bb][\/vc_column][vc_column width=\u00a0\u00bb1\/12&Prime;][\/vc_column][vc_column width=\u00a0\u00bb3\/12&Prime;][vc_custom_heading text=\u00a0\u00bbCalendrier perp\u00e9tuel en petit format\u00a0\u00bb font_container=\u00a0\u00bbtag:h2|font_size:24px|text_align:left\u00a0\u00bb google_fonts=\u00a0\u00bbfont_family:Lobster%3Aregular|font_style:400%20regular%3A400%3Anormal\u00a0\u00bb][vc_column_text]travail de commande<br \/>\nTaille: 21 x 21cm<br \/>\n\u00e0 replier des deux c\u00f4t\u00e9s pour le mur format 21 x 42 cm[\/vc_column_text][\/vc_column][vc_column width=\u00a0\u00bb4\/12&Prime;][vc_empty_space height=\u00a0\u00bb16px\u00a0\u00bb][\/vc_column][\/vc_row]<\/p>\n<\/div>","protected":false},"excerpt":{"rendered":"<p>[vc_row][vc_column width=\u00a0\u00bb4\/12&Prime;][vc_empty_space height=\u00a0\u00bb16px\u00a0\u00bb][vc_single_image image=\u00a0\u00bb1480&Prime; img_size=\u00a0\u00bbfull\u00a0\u00bb css_animation=\u00a0\u00bbappear\u00a0\u00bb][\/vc_column][vc_column width=\u00a0\u00bb1\/12&Prime;][\/vc_column][vc_column width=\u00a0\u00bb3\/12&Prime;][vc_custom_heading text=\u00a0\u00bb- \u00e9puis\u00e9 &#8211; Livre \u00ab\u00a0course Mythe\u00ab\u00a0\u00a0\u00bb font_container=\u00a0\u00bbtag:h2|font_size:24px|text_align:left\u00a0\u00bb google_fonts=\u00a0\u00bbfont_family:Lobster%3Aregular|font_style:400%20regular%3A400%3Anormal\u00a0\u00bb][vc_column_text]Une tourn\u00e9e \u00e0 travers l&rsquo;histoire de l&rsquo;automobile avec des informations de fond passionnant sur les v\u00e9hicules et les \u00e9v\u00e9nements dans la course historique. Allemand \/ anglais, 128 pages, l&rsquo;auteur Bernd Luz Date de publication Novembre ici \u00e0 2015 Conception agence [&hellip;]<\/p>\n","protected":false},"author":4,"featured_media":0,"parent":0,"menu_order":0,"comment_status":"closed","ping_status":"closed","template":"","meta":{"footnotes":""},"class_list":["post-7056","page","type-page","status-publish","hentry"],"yoast_head":"<!-- This site is optimized with the Yoast SEO plugin v26.8 - https:\/\/yoast.com\/product\/yoast-seo-wordpress\/ -->\n<title>LIVRES ET CALENDRIER - Bernd Luz<\/title>\n<meta name=\"robots\" content=\"index, follow, max-snippet:-1, max-image-preview:large, max-video-preview:-1\" \/>\n<link rel=\"canonical\" href=\"https:\/\/berndluz.de\/fr\/livres-et-calendrier\/\" \/>\n<meta property=\"og:locale\" content=\"fr_FR\" \/>\n<meta property=\"og:type\" content=\"article\" \/>\n<meta property=\"og:title\" content=\"LIVRES ET CALENDRIER - Bernd Luz\" \/>\n<meta property=\"og:description\" content=\"[vc_row][vc_column width=\u00a0\u00bb4\/12&Prime;][vc_empty_space height=\u00a0\u00bb16px\u00a0\u00bb][vc_single_image image=\u00a0\u00bb1480&Prime; img_size=\u00a0\u00bbfull\u00a0\u00bb css_animation=\u00a0\u00bbappear\u00a0\u00bb][\/vc_column][vc_column width=\u00a0\u00bb1\/12&Prime;][\/vc_column][vc_column width=\u00a0\u00bb3\/12&Prime;][vc_custom_heading text=\u00a0\u00bb- \u00e9puis\u00e9 &#8211; Livre \u00ab\u00a0course Mythe\u00ab\u00a0\u00a0\u00bb font_container=\u00a0\u00bbtag:h2|font_size:24px|text_align:left\u00a0\u00bb google_fonts=\u00a0\u00bbfont_family:Lobster%3Aregular|font_style:400%20regular%3A400%3Anormal\u00a0\u00bb][vc_column_text]Une tourn\u00e9e \u00e0 travers l&rsquo;histoire de l&rsquo;automobile avec des informations de fond passionnant sur les v\u00e9hicules et les \u00e9v\u00e9nements dans la course historique. Allemand \/ anglais, 128 pages, l&rsquo;auteur Bernd Luz Date de publication Novembre ici \u00e0 2015 Conception agence [&hellip;]\" \/>\n<meta property=\"og:url\" content=\"https:\/\/berndluz.de\/fr\/livres-et-calendrier\/\" \/>\n<meta property=\"og:site_name\" content=\"Bernd Luz\" \/>\n<meta property=\"article:modified_time\" content=\"2023-09-27T15:02:18+00:00\" \/>\n<meta name=\"twitter:card\" content=\"summary_large_image\" \/>\n<meta name=\"twitter:label1\" content=\"Dur\u00e9e de lecture estim\u00e9e\" \/>\n\t<meta name=\"twitter:data1\" content=\"3 minutes\" \/>\n<script type=\"application\/ld+json\" class=\"yoast-schema-graph\">{\"@context\":\"https:\/\/schema.org\",\"@graph\":[{\"@type\":\"WebPage\",\"@id\":\"https:\/\/berndluz.de\/fr\/livres-et-calendrier\/\",\"url\":\"https:\/\/berndluz.de\/fr\/livres-et-calendrier\/\",\"name\":\"LIVRES ET CALENDRIER - Bernd Luz\",\"isPartOf\":{\"@id\":\"https:\/\/berndluz.de\/fr\/#website\"},\"datePublished\":\"2016-06-17T09:37:01+00:00\",\"dateModified\":\"2023-09-27T15:02:18+00:00\",\"breadcrumb\":{\"@id\":\"https:\/\/berndluz.de\/fr\/livres-et-calendrier\/#breadcrumb\"},\"inLanguage\":\"fr-FR\",\"potentialAction\":[{\"@type\":\"ReadAction\",\"target\":[\"https:\/\/berndluz.de\/fr\/livres-et-calendrier\/\"]}]},{\"@type\":\"BreadcrumbList\",\"@id\":\"https:\/\/berndluz.de\/fr\/livres-et-calendrier\/#breadcrumb\",\"itemListElement\":[{\"@type\":\"ListItem\",\"position\":1,\"name\":\"Startseite\",\"item\":\"https:\/\/berndluz.de\/fr\/\"},{\"@type\":\"ListItem\",\"position\":2,\"name\":\"LIVRES ET CALENDRIER\"}]},{\"@type\":\"WebSite\",\"@id\":\"https:\/\/berndluz.de\/fr\/#website\",\"url\":\"https:\/\/berndluz.de\/fr\/\",\"name\":\"Bernd Luz\",\"description\":\"Bernd Luz\",\"potentialAction\":[{\"@type\":\"SearchAction\",\"target\":{\"@type\":\"EntryPoint\",\"urlTemplate\":\"https:\/\/berndluz.de\/fr\/?s={search_term_string}\"},\"query-input\":{\"@type\":\"PropertyValueSpecification\",\"valueRequired\":true,\"valueName\":\"search_term_string\"}}],\"inLanguage\":\"fr-FR\"}]}<\/script>\n<!-- \/ Yoast SEO plugin. -->","yoast_head_json":{"title":"LIVRES ET CALENDRIER - Bernd Luz","robots":{"index":"index","follow":"follow","max-snippet":"max-snippet:-1","max-image-preview":"max-image-preview:large","max-video-preview":"max-video-preview:-1"},"canonical":"https:\/\/berndluz.de\/fr\/livres-et-calendrier\/","og_locale":"fr_FR","og_type":"article","og_title":"LIVRES ET CALENDRIER - Bernd Luz","og_description":"[vc_row][vc_column width=\u00a0\u00bb4\/12&Prime;][vc_empty_space height=\u00a0\u00bb16px\u00a0\u00bb][vc_single_image image=\u00a0\u00bb1480&Prime; img_size=\u00a0\u00bbfull\u00a0\u00bb css_animation=\u00a0\u00bbappear\u00a0\u00bb][\/vc_column][vc_column width=\u00a0\u00bb1\/12&Prime;][\/vc_column][vc_column width=\u00a0\u00bb3\/12&Prime;][vc_custom_heading text=\u00a0\u00bb- \u00e9puis\u00e9 &#8211; Livre \u00ab\u00a0course Mythe\u00ab\u00a0\u00a0\u00bb font_container=\u00a0\u00bbtag:h2|font_size:24px|text_align:left\u00a0\u00bb google_fonts=\u00a0\u00bbfont_family:Lobster%3Aregular|font_style:400%20regular%3A400%3Anormal\u00a0\u00bb][vc_column_text]Une tourn\u00e9e \u00e0 travers l&rsquo;histoire de l&rsquo;automobile avec des informations de fond passionnant sur les v\u00e9hicules et les \u00e9v\u00e9nements dans la course historique. Allemand \/ anglais, 128 pages, l&rsquo;auteur Bernd Luz Date de publication Novembre ici \u00e0 2015 Conception agence [&hellip;]","og_url":"https:\/\/berndluz.de\/fr\/livres-et-calendrier\/","og_site_name":"Bernd Luz","article_modified_time":"2023-09-27T15:02:18+00:00","twitter_card":"summary_large_image","twitter_misc":{"Dur\u00e9e de lecture estim\u00e9e":"3 minutes"},"schema":{"@context":"https:\/\/schema.org","@graph":[{"@type":"WebPage","@id":"https:\/\/berndluz.de\/fr\/livres-et-calendrier\/","url":"https:\/\/berndluz.de\/fr\/livres-et-calendrier\/","name":"LIVRES ET CALENDRIER - Bernd Luz","isPartOf":{"@id":"https:\/\/berndluz.de\/fr\/#website"},"datePublished":"2016-06-17T09:37:01+00:00","dateModified":"2023-09-27T15:02:18+00:00","breadcrumb":{"@id":"https:\/\/berndluz.de\/fr\/livres-et-calendrier\/#breadcrumb"},"inLanguage":"fr-FR","potentialAction":[{"@type":"ReadAction","target":["https:\/\/berndluz.de\/fr\/livres-et-calendrier\/"]}]},{"@type":"BreadcrumbList","@id":"https:\/\/berndluz.de\/fr\/livres-et-calendrier\/#breadcrumb","itemListElement":[{"@type":"ListItem","position":1,"name":"Startseite","item":"https:\/\/berndluz.de\/fr\/"},{"@type":"ListItem","position":2,"name":"LIVRES ET CALENDRIER"}]},{"@type":"WebSite","@id":"https:\/\/berndluz.de\/fr\/#website","url":"https:\/\/berndluz.de\/fr\/","name":"Bernd Luz","description":"Bernd Luz","potentialAction":[{"@type":"SearchAction","target":{"@type":"EntryPoint","urlTemplate":"https:\/\/berndluz.de\/fr\/?s={search_term_string}"},"query-input":{"@type":"PropertyValueSpecification","valueRequired":true,"valueName":"search_term_string"}}],"inLanguage":"fr-FR"}]}},"_links":{"self":[{"href":"https:\/\/berndluz.de\/fr\/wp-json\/wp\/v2\/pages\/7056","targetHints":{"allow":["GET"]}}],"collection":[{"href":"https:\/\/berndluz.de\/fr\/wp-json\/wp\/v2\/pages"}],"about":[{"href":"https:\/\/berndluz.de\/fr\/wp-json\/wp\/v2\/types\/page"}],"author":[{"embeddable":true,"href":"https:\/\/berndluz.de\/fr\/wp-json\/wp\/v2\/users\/4"}],"replies":[{"embeddable":true,"href":"https:\/\/berndluz.de\/fr\/wp-json\/wp\/v2\/comments?post=7056"}],"version-history":[{"count":4,"href":"https:\/\/berndluz.de\/fr\/wp-json\/wp\/v2\/pages\/7056\/revisions"}],"predecessor-version":[{"id":24956,"href":"https:\/\/berndluz.de\/fr\/wp-json\/wp\/v2\/pages\/7056\/revisions\/24956"}],"wp:attachment":[{"href":"https:\/\/berndluz.de\/fr\/wp-json\/wp\/v2\/media?parent=7056"}],"curies":[{"name":"wp","href":"https:\/\/api.w.org\/{rel}","templated":true}]}}