{"id":7080,"date":"2016-06-17T13:02:07","date_gmt":"2016-06-17T11:02:07","guid":{"rendered":"http:\/\/berndluz.de\/fr\/?page_id=7080"},"modified":"2018-12-12T12:07:07","modified_gmt":"2018-12-12T10:07:07","slug":"mentions-legales","status":"publish","type":"page","link":"https:\/\/berndluz.de\/fr\/mentions-legales\/","title":{"rendered":"MENTIONS L\u00c9GALES"},"content":{"rendered":"<p>Responsable du contenu conform\u00e9ment au \u00a7 5 TMG (loi allemande sur les t\u00e9l\u00e9m\u00e9dias) :<br \/>\nBernd Luz<br \/>\ndesigner dipl\u00f4m\u00e9 de l\u2019universit\u00e9<\/p>\n<p>&nbsp;<\/p>\n<p>revoLUZion Werbeagentur<br \/>\nUhlandstra\u00dfe 4<br \/>\nD-78579 Neuhausen ob Eck<\/p>\n<p>&nbsp;<\/p>\n<p>Tel. +49 7467 1467<br \/>\nMobile +49 172 7222234<br \/>\nFax +49 7467 91155<br \/>\nSteuernummer 2130509807<\/p>\n<p>&nbsp;<\/p>\n<p><strong>Indication sur la responsabilit\u00e9 :<\/strong><br \/>\nMalgr\u00e9 un contr\u00f4le inutieux du contenu, nous n\u2019assumons aucune responsabilit\u00e9 pour les contenus des liens externes.<br \/>\nSeul l\u2019exploitant concern\u00e9 est responsable du contenu de son site.<\/p>\n<p>&nbsp;<\/p>\n<p>&nbsp;<\/p>\n<p>&nbsp;<\/p>\n","protected":false},"excerpt":{"rendered":"<p>Responsable du contenu conform\u00e9ment au \u00a7 5 TMG (loi allemande sur les t\u00e9l\u00e9m\u00e9dias) : Bernd Luz designer dipl\u00f4m\u00e9 de l\u2019universit\u00e9 &nbsp; revoLUZion Werbeagentur Uhlandstra\u00dfe 4 D-78579 Neuhausen ob Eck &nbsp; Tel. +49 7467 1467 Mobile +49 172 7222234 Fax +49 7467 91155 Steuernummer 2130509807 &nbsp; Indication sur la responsabilit\u00e9 : Malgr\u00e9 un contr\u00f4le inutieux du [&hellip;]<\/p>\n","protected":false},"author":4,"featured_media":0,"parent":0,"menu_order":0,"comment_status":"closed","ping_status":"closed","template":"","meta":{"footnotes":""},"class_list":["post-7080","page","type-page","status-publish","hentry"],"yoast_head":"<!-- This site is optimized with the Yoast SEO plugin v26.8 - https:\/\/yoast.com\/product\/yoast-seo-wordpress\/ -->\n<title>MENTIONS L\u00c9GALES - Bernd Luz<\/title>\n<meta name=\"robots\" content=\"index, follow, max-snippet:-1, max-image-preview:large, max-video-preview:-1\" \/>\n<link rel=\"canonical\" href=\"https:\/\/berndluz.de\/fr\/mentions-legales\/\" \/>\n<meta property=\"og:locale\" content=\"fr_FR\" \/>\n<meta property=\"og:type\" content=\"article\" \/>\n<meta property=\"og:title\" content=\"MENTIONS L\u00c9GALES - Bernd Luz\" \/>\n<meta property=\"og:description\" content=\"Responsable du contenu conform\u00e9ment au \u00a7 5 TMG (loi allemande sur les t\u00e9l\u00e9m\u00e9dias) : Bernd Luz designer dipl\u00f4m\u00e9 de l\u2019universit\u00e9 &nbsp; revoLUZion Werbeagentur Uhlandstra\u00dfe 4 D-78579 Neuhausen ob Eck &nbsp; Tel. +49 7467 1467 Mobile +49 172 7222234 Fax +49 7467 91155 Steuernummer 2130509807 &nbsp; Indication sur la responsabilit\u00e9 : Malgr\u00e9 un contr\u00f4le inutieux du [&hellip;]\" \/>\n<meta property=\"og:url\" content=\"https:\/\/berndluz.de\/fr\/mentions-legales\/\" \/>\n<meta property=\"og:site_name\" content=\"Bernd Luz\" \/>\n<meta property=\"article:modified_time\" content=\"2018-12-12T10:07:07+00:00\" \/>\n<meta name=\"twitter:card\" content=\"summary_large_image\" \/>\n<script type=\"application\/ld+json\" class=\"yoast-schema-graph\">{\"@context\":\"https:\/\/schema.org\",\"@graph\":[{\"@type\":\"WebPage\",\"@id\":\"https:\/\/berndluz.de\/fr\/mentions-legales\/\",\"url\":\"https:\/\/berndluz.de\/fr\/mentions-legales\/\",\"name\":\"MENTIONS L\u00c9GALES - Bernd Luz\",\"isPartOf\":{\"@id\":\"https:\/\/berndluz.de\/fr\/#website\"},\"datePublished\":\"2016-06-17T11:02:07+00:00\",\"dateModified\":\"2018-12-12T10:07:07+00:00\",\"breadcrumb\":{\"@id\":\"https:\/\/berndluz.de\/fr\/mentions-legales\/#breadcrumb\"},\"inLanguage\":\"fr-FR\",\"potentialAction\":[{\"@type\":\"ReadAction\",\"target\":[\"https:\/\/berndluz.de\/fr\/mentions-legales\/\"]}]},{\"@type\":\"BreadcrumbList\",\"@id\":\"https:\/\/berndluz.de\/fr\/mentions-legales\/#breadcrumb\",\"itemListElement\":[{\"@type\":\"ListItem\",\"position\":1,\"name\":\"Startseite\",\"item\":\"https:\/\/berndluz.de\/fr\/\"},{\"@type\":\"ListItem\",\"position\":2,\"name\":\"MENTIONS L\u00c9GALES\"}]},{\"@type\":\"WebSite\",\"@id\":\"https:\/\/berndluz.de\/fr\/#website\",\"url\":\"https:\/\/berndluz.de\/fr\/\",\"name\":\"Bernd Luz\",\"description\":\"Bernd Luz\",\"potentialAction\":[{\"@type\":\"SearchAction\",\"target\":{\"@type\":\"EntryPoint\",\"urlTemplate\":\"https:\/\/berndluz.de\/fr\/?s={search_term_string}\"},\"query-input\":{\"@type\":\"PropertyValueSpecification\",\"valueRequired\":true,\"valueName\":\"search_term_string\"}}],\"inLanguage\":\"fr-FR\"}]}<\/script>\n<!-- \/ Yoast SEO plugin. -->","yoast_head_json":{"title":"MENTIONS L\u00c9GALES - Bernd Luz","robots":{"index":"index","follow":"follow","max-snippet":"max-snippet:-1","max-image-preview":"max-image-preview:large","max-video-preview":"max-video-preview:-1"},"canonical":"https:\/\/berndluz.de\/fr\/mentions-legales\/","og_locale":"fr_FR","og_type":"article","og_title":"MENTIONS L\u00c9GALES - Bernd Luz","og_description":"Responsable du contenu conform\u00e9ment au \u00a7 5 TMG (loi allemande sur les t\u00e9l\u00e9m\u00e9dias) : Bernd Luz designer dipl\u00f4m\u00e9 de l\u2019universit\u00e9 &nbsp; revoLUZion Werbeagentur Uhlandstra\u00dfe 4 D-78579 Neuhausen ob Eck &nbsp; Tel. +49 7467 1467 Mobile +49 172 7222234 Fax +49 7467 91155 Steuernummer 2130509807 &nbsp; Indication sur la responsabilit\u00e9 : Malgr\u00e9 un contr\u00f4le inutieux du [&hellip;]","og_url":"https:\/\/berndluz.de\/fr\/mentions-legales\/","og_site_name":"Bernd Luz","article_modified_time":"2018-12-12T10:07:07+00:00","twitter_card":"summary_large_image","schema":{"@context":"https:\/\/schema.org","@graph":[{"@type":"WebPage","@id":"https:\/\/berndluz.de\/fr\/mentions-legales\/","url":"https:\/\/berndluz.de\/fr\/mentions-legales\/","name":"MENTIONS L\u00c9GALES - Bernd Luz","isPartOf":{"@id":"https:\/\/berndluz.de\/fr\/#website"},"datePublished":"2016-06-17T11:02:07+00:00","dateModified":"2018-12-12T10:07:07+00:00","breadcrumb":{"@id":"https:\/\/berndluz.de\/fr\/mentions-legales\/#breadcrumb"},"inLanguage":"fr-FR","potentialAction":[{"@type":"ReadAction","target":["https:\/\/berndluz.de\/fr\/mentions-legales\/"]}]},{"@type":"BreadcrumbList","@id":"https:\/\/berndluz.de\/fr\/mentions-legales\/#breadcrumb","itemListElement":[{"@type":"ListItem","position":1,"name":"Startseite","item":"https:\/\/berndluz.de\/fr\/"},{"@type":"ListItem","position":2,"name":"MENTIONS L\u00c9GALES"}]},{"@type":"WebSite","@id":"https:\/\/berndluz.de\/fr\/#website","url":"https:\/\/berndluz.de\/fr\/","name":"Bernd Luz","description":"Bernd Luz","potentialAction":[{"@type":"SearchAction","target":{"@type":"EntryPoint","urlTemplate":"https:\/\/berndluz.de\/fr\/?s={search_term_string}"},"query-input":{"@type":"PropertyValueSpecification","valueRequired":true,"valueName":"search_term_string"}}],"inLanguage":"fr-FR"}]}},"_links":{"self":[{"href":"https:\/\/berndluz.de\/fr\/wp-json\/wp\/v2\/pages\/7080","targetHints":{"allow":["GET"]}}],"collection":[{"href":"https:\/\/berndluz.de\/fr\/wp-json\/wp\/v2\/pages"}],"about":[{"href":"https:\/\/berndluz.de\/fr\/wp-json\/wp\/v2\/types\/page"}],"author":[{"embeddable":true,"href":"https:\/\/berndluz.de\/fr\/wp-json\/wp\/v2\/users\/4"}],"replies":[{"embeddable":true,"href":"https:\/\/berndluz.de\/fr\/wp-json\/wp\/v2\/comments?post=7080"}],"version-history":[{"count":2,"href":"https:\/\/berndluz.de\/fr\/wp-json\/wp\/v2\/pages\/7080\/revisions"}],"predecessor-version":[{"id":17729,"href":"https:\/\/berndluz.de\/fr\/wp-json\/wp\/v2\/pages\/7080\/revisions\/17729"}],"wp:attachment":[{"href":"https:\/\/berndluz.de\/fr\/wp-json\/wp\/v2\/media?parent=7080"}],"curies":[{"name":"wp","href":"https:\/\/api.w.org\/{rel}","templated":true}]}}