{"id":7096,"date":"2016-06-17T13:12:22","date_gmt":"2016-06-17T11:12:22","guid":{"rendered":"http:\/\/berndluz.de\/fr\/?page_id=7096"},"modified":"2022-07-27T17:22:26","modified_gmt":"2022-07-27T15:22:26","slug":"loeuvre","status":"publish","type":"page","link":"https:\/\/berndluz.de\/fr\/loeuvre\/","title":{"rendered":"DESCRIPTION DU TRAVAIL"},"content":{"rendered":"<div class=\"wpb-content-wrapper\"><p>[vc_row][vc_column width=\u00a0\u00bb2\/3&Prime;][vc_column_text css_animation=\u00a0\u00bbleft-to-right\u00a0\u00bb]<\/p>\n<h1>De strat\u00e8ge pop \u00e0 po\u00e8te des couleurs<\/h1>\n<p><strong>DAGMAR BURISH,<\/strong><br \/>\n<strong>Historien d&rsquo;art<\/strong><\/p>\n<p>&nbsp;<\/p>\n<p>Bernd Luz a l&rsquo;instinct de collectionneur. Mais ce ne sont pas des choses que l&rsquo;artiste et designer en communication dipl\u00f4m\u00e9 de Neuhausen ob Eck collectionne assid\u00fbment, mais des trouvailles, des impressions et des images que la vie quotidienne lui envoie, pour ainsi dire.<\/p>\n<p>&nbsp;<\/p>\n<p>Au cours de ses p\u00e9r\u00e9grinations, le publicitaire, qui a \u00e9galement \u00e9tudi\u00e9 le design photo, utilise son appareil photo pour capturer des choses qui pourraient enrichir sa \u00ab\u00a0collection\u00a0\u00bb.<\/p>\n<p>&nbsp;<\/p>\n<p>Mais aussi le stock collectif d&rsquo;images, plus accessible que jamais gr\u00e2ce \u00e0 la technologie des m\u00e9dias d&rsquo;aujourd&rsquo;hui, se r\u00e9v\u00e8le \u00eatre un tr\u00e9sor pour ses tableaux th\u00e9matiques dens\u00e9ment tiss\u00e9s, qui attirent l&rsquo;\u0153il avec des fonds de peinture aux couleurs vives et les retiennent captifs dans un r\u00e9seau d&rsquo;associations.<\/p>\n<p>&nbsp;<\/p>\n<p>Les collages de m\u00e9dias de Bernd Luz s&rsquo;insinuent habilement dans notre perception et invitent \u00e0 un visionnage d\u00e9tendu car ils se passent de critique ou de provocation et demandent tout aussi peu de questionnement maussade.<\/p>\n<p>&nbsp;<\/p>\n<p>Au contraire, l&rsquo;artiste calcule et joue avec les habitudes de visionnage de ses contemporains, s&rsquo;appuie sur le familier et utilise l&rsquo;effet de reconnaissance.<\/p>\n<p>&nbsp;<\/p>\n<p>Il ne s&rsquo;int\u00e9resse pas \u00e0 la r\u00e9v\u00e9lation subliminale de la r\u00e9alit\u00e9, mais plut\u00f4t \u00e0 l&rsquo;abolition de la fronti\u00e8re entre la vie quotidienne et l&rsquo;art. Il laisse l&rsquo;art entrer dans sa vie et la vie dans son art &#8211; dans l&rsquo;esprit du Pop Art, que lui et ses \u0153uvres suivent.<\/p>\n<p>&nbsp;<\/p>\n<h2>Sur les traces du Pop Art<\/h2>\n<p>\u00ab\u00a0Pour moi, il n&rsquo;y a pas de diff\u00e9rence entre l&rsquo;art et la vie\u00a0\u00bb, a un jour proclam\u00e9 Robert Rauschenberg, l&rsquo;un des principaux repr\u00e9sentants du Pop Art, qui a secou\u00e9 et r\u00e9volutionn\u00e9 le monde de l&rsquo;art dans les ann\u00e9es 1960 parce qu&rsquo;il a \u00e9t\u00e9 le premier mouvement d&rsquo;art moderne \u00e0 avoir connu une expansion rapide et large. et un succ\u00e8s efficace aupr\u00e8s du public. C&rsquo;est alors que l&rsquo;imagerie commerciale fait son entr\u00e9e dans l&rsquo;art, le rendant facilement accessible \u00ab populaire \u00bb au grand public. S\u00e9duisant, glamour avec des couleurs stimulantes et un attrait r\u00e9solument d\u00e9coratif, le Pop Art a fait son chemin dans la conscience collective &#8211; \u00e0 ce jour.<\/p>\n<p>&nbsp;<\/p>\n<p>Beaucoup d&rsquo;ic\u00f4nes de la pop comme A. Warhol, R. Rauschenberg ou J. Johns \u00e9taient \u00e0 l&rsquo;origine issues de l&rsquo;industrie de la publicit\u00e9 &#8211; l&rsquo;une affichiste, l&rsquo;autre d\u00e9coratrice &#8211; elles connaissaient tr\u00e8s bien la pratique de \u00ab\u00a0cr\u00e9er un monde d&rsquo;illusion\u00a0\u00bb et elles ont pris cette connaissance avec eux dans leur art.<\/p>\n<p>&nbsp;<\/p>\n<p>Mais ce n&rsquo;est pas seulement la modernit\u00e9 des motifs picturaux, mais aussi la libert\u00e9 des moyens qui ont depuis d\u00e9plac\u00e9 les coordonn\u00e9es valables dans le domaine de l&rsquo;art. Soudainement, il y avait d&rsquo;innombrables fa\u00e7ons de se lib\u00e9rer en tant qu&rsquo;artiste d&rsquo;avoir \u00e0 inventer une technique, un style ou une imagerie pour produire quelque chose de nouveau. Les artistes pop se sont permis de r\u00e9f\u00e9rencer diff\u00e9rents th\u00e8mes et images, d&rsquo;adopter un style \u00e0 volont\u00e9 et d&#8217;employer des m\u00e9thodes de production inhabituelles.<\/p>\n<p>&nbsp;<\/p>\n<p>Et parce que le Pop Art ne s&rsquo;entend ni comme un style ni comme une \u00e9cole (ses manifestations \u00e9taient trop disparates), mais plut\u00f4t comme une approche, il a su pr\u00e9parer le terreau fertile que les h\u00e9ritiers du Pop Art jusqu&rsquo;\u00e0 aujourd&rsquo;hui encore. Des emprunts ou parall\u00e8les au Pop Art se retrouvent \u00e9galement dans l&rsquo;\u0153uvre de Bernd Luz, comme la parfaite ma\u00eetrise du monde m\u00e9diatique (ne serait-ce que pour des raisons professionnelles), le recours \u00e0 des images cultes, l&rsquo;imbrication consciente du design et de l&rsquo;art et la la manipulation ouverte du travail de commande, c&rsquo;est-\u00e0-dire l&rsquo;exploitation commerciale de ses inventions picturales.<\/p>\n<p>&nbsp;<\/p>\n<p>Ses images suscitent des \u00e9motions, elles veulent plaire et elles trouvent leur public dans de nombreuses expositions dans la r\u00e9gion, mais aussi bien au-del\u00e0 des fronti\u00e8res.<\/p>\n<p>&nbsp;<\/p>\n<h2>Le mix m\u00e9dia fonctionne<\/h2>\n<p>Les \u0153uvres mix-m\u00e9dia \u00e9maill\u00e9es de citations d&rsquo;images, d\u00e9di\u00e9es \u00e0 divers complexes th\u00e9matiques, ont un effet \u00ab attractif \u00bb. La repr\u00e9sentation correspond au principe du collage dans l&rsquo;isolement et le r\u00e9arrangement des \u00e9l\u00e9ments &#8211; et ici aussi Bernd Luz part sur les traces des artistes pop.<\/p>\n<p>&nbsp;<\/p>\n<p>Outre les anc\u00eatres du collage, les dada\u00efstes et les surr\u00e9alistes, les Combine Paintings de R. Rauschenberg ont peut-\u00eatre inspir\u00e9 son style de composition particulier. C&rsquo;est lui qui a d\u00e9velopp\u00e9 de nouvelles possibilit\u00e9s picturales \u00e0 partir du principe du collage en int\u00e9grant des photos en noir et blanc et en couleur dans ses peintures \u00e0 l&rsquo;huile dans le processus d&rsquo;impression.<\/p>\n<p>&nbsp;<\/p>\n<p>Bernd Luz proc\u00e8de de la m\u00eame mani\u00e8re lorsqu&rsquo;il photographie et traite par ordinateur les embl\u00e8mes de notre culture sur la toile peinte \u00e0 la peinture acrylique en utilisant l&rsquo;impression contemporaine au solvant (une technique d&rsquo;impression num\u00e9rique) et dans une \u00e9tape ult\u00e9rieure les accentue \u00e0 nouveau avec des interventions peintes.<\/p>\n<p>&nbsp;<\/p>\n<p>La combinaison de peinture et de photomontage qui en r\u00e9sulte d&rsquo;une part accentue l&rsquo;action de la conception artistique et d&rsquo;autre part donne \u00e0 l&rsquo;image une multidimensionnalit\u00e9 ind\u00e9finie dans laquelle les couches de couleurs et de motifs s&rsquo;interp\u00e9n\u00e8trent comme dans des visions oniriques. L&#8217;embo\u00eetement compositionnel des reproductions d&rsquo;images collect\u00e9es, int\u00e9gr\u00e9es dans des espaces de couleurs suggestifs, ressemble d&rsquo;une certaine mani\u00e8re \u00e0 des croquis peints, sur lesquels citations, notes et trouvailles visuelles d&rsquo;origines les plus diverses se rejoignent et se c\u00f4toient sur un pied d&rsquo;\u00e9galit\u00e9. L&rsquo;art consiste \u00e0 regrouper l&rsquo;espacement disparate, le temporellement s\u00e9par\u00e9, l&rsquo;artistiquement diff\u00e9rent, le propre et l&rsquo;\u00e9tranger dans une d\u00e9claration visuelle convaincante.<\/p>\n<p>&nbsp;<\/p>\n<p>Bernd Luz se r\u00e9v\u00e8le ici un habile arrangeur. Il r\u00e9ussit \u00e0 mettre en sc\u00e8ne des extraits comme r\u00e9f\u00e9rence \u00e0 des encha\u00eenements complexes de telle sorte que des histoires enti\u00e8res se d\u00e9roulent \u00e0 l&rsquo;\u00e9cran. Il est possible que l&rsquo;exp\u00e9rience qu&rsquo;il a acquise avec le travail cin\u00e9matographique dans sa jeunesse lui vienne en aide.<\/p>\n<p>&nbsp;<\/p>\n<p>Dans les paysages urbains, il emm\u00e8ne le spectateur dans un voyage virtuel : Venise, Vienne, Paris, New York&#8230; apparaissent dans l&rsquo;esprit en fonction de leurs rep\u00e8res respectifs et d\u00e9ploient leur magie. Les motifs cultes tels que le pouvoir des fleurs et le woodstock \u00e9voquent une attitude d&rsquo;\u00e9poque envers la vie et les ic\u00f4nes des temps modernes (Elvis) ainsi que les classiques (Goethe) \u00e9voquent des r\u00e9alisations culturelles pionni\u00e8res, quoique de types tr\u00e8s diff\u00e9rents.<\/p>\n<p>&nbsp;<\/p>\n<p>Mais cela aussi, c&rsquo;est de la pop, le traitement \u00e9gal du trivial et du sophistiqu\u00e9, l&rsquo;effacement de la fronti\u00e8re entre la culture de masse et le grand art. De nos jours, la haute et la basse culture sont depuis longtemps dans une tension alternative inspirante et le traitement des anciennes contradictions est d\u00e9tendu.<\/p>\n<p>&nbsp;<\/p>\n<p>Enfin, les \u0153uvres de l&rsquo;artiste et designer Bernd Luz attirent l&rsquo;attention sur cela et donc des tableaux de ville, des portraits d&rsquo;animaux (yeux dans les yeux avec des aigles, des loups, des ours et Cie), l&rsquo;hommage aux courses historiques (pr\u00e9sent dans un exposition au Mus\u00e9e National Cit\u00e9 de l&rsquo;Automobile de Mulhouse) et de nombreuses personnalit\u00e9s cultes se c\u00f4toient de mani\u00e8re coh\u00e9rente au sein d&rsquo;un catalogue d&rsquo;\u0153uvres.<\/p>\n<p>&nbsp;<\/p>\n<p>\u00ab\u00a0Je mets en \u0153uvre ce qui me touche\u00a0\u00bb, d\u00e9clare Bernd Luz, \u00e9chappant avec succ\u00e8s au classement en cat\u00e9gories fixes.<\/p>\n<p>&nbsp;<\/p>\n<h2>Espaces colorim\u00e9triques abstraits<\/h2>\n<p>Il y a maintenant une autre facette relativement nouvelle dans le travail de l&rsquo;artiste. Cela a d\u00e9j\u00e0 \u00e9t\u00e9 cr\u00e9\u00e9 dans le travail Mediamix et a maintenant \u00ab\u00a0pris tout seul\u00a0\u00bb. Ce qui \u00e9tait autrefois fond et accompagnement devient aujourd&rsquo;hui l&rsquo;acteur principal : la couleur.<\/p>\n<p>&nbsp;<\/p>\n<p>Renon\u00e7ant \u00e0 toute allusion et figure figurative, Bernd Luz s&rsquo;abandonne enti\u00e8rement, ainsi que la surface de l&rsquo;image, au jeu de la couleur, de la structure et de la lumi\u00e8re. Au lieu du r\u00e9seau \u00e9troitement imbriqu\u00e9 de motifs dans les collages, il y a un espace colorim\u00e9trique purement illusionniste, g\u00e9n\u00e9ralement domin\u00e9 par une couleur qui donne le ton (\u00ab\u00a0Sentimental Yellow, &#8230; Red, &#8230; Blue\u00a0\u00bb).<\/p>\n<p>&nbsp;<\/p>\n<p>L&rsquo;approche n&rsquo;est plus conceptuelle, mais bas\u00e9e sur l&rsquo;humeur. Au lieu de concevoir une image d\u00e9chiffrable de la r\u00e9alit\u00e9, la r\u00e9alit\u00e9 de l&rsquo;image se refl\u00e8te dans la peinture &#8211; la devise est de penser avec la couleur lors de la peinture.<\/p>\n<p>&nbsp;<\/p>\n<p>\u00ab Parfois, j&rsquo;imagine les couleurs comme des pens\u00e9es vivantes. Des \u00eatres de pure raison avec lesquels je peux me d\u00e9battre. \u00bb Cette citation de C\u00e9zanne, \u00e0 laquelle Bernd Luz a d\u00e9di\u00e9 une de ses compositions, est programmatique pour sa phase actuelle de travail.<\/p>\n<p>&nbsp;<\/p>\n<p>Dans ces images mentales abstraites, des bandes de couleur, dessin\u00e9es sur la surface \u00e0 la raclette, structurent et orientent : se croisant, accompagnant ou se superposant, le plus souvent transparentes, coulantes ou fig\u00e9es comme en staccato, elles donnent \u00e0 l&rsquo;espace pictural une profondeur apparemment illimit\u00e9e. Le spectateur \u00ab\u00a0entre\u00a0\u00bb dans les espaces chromatiques d&rsquo;ouverture et est captiv\u00e9 par les ambiances qui peuvent \u00eatre ressenties avec les sens.<\/p>\n<p>&nbsp;<\/p>\n<p>L&rsquo;atmosph\u00e8re de ce tableau est renforc\u00e9e par des lignes de po\u00e9sie accompagnant les tableaux. Le mot et l&rsquo;image travaillent ensemble, selon la formule \u00ab\u00a0Ut pictura poesis\u00a0\u00bb invent\u00e9e autrefois par Horace &#8211; la po\u00e9sie est comme la peinture. En d&rsquo;autres termes, le po\u00e8me est une image parlante et la peinture est une po\u00e9sie silencieuse. La po\u00e9sie et la peinture ob\u00e9issent aux m\u00eames lois structurelles et touchent l&rsquo;\u00e2me.<\/p>\n<p>&nbsp;<\/p>\n<p>Bernd Luz est un esprit cr\u00e9atif, polyvalent et occup\u00e9, mais qu&rsquo;il s&rsquo;agisse d&rsquo;un espace chromatique po\u00e9tique et atmosph\u00e9rique ou d&rsquo;un collage de motifs denses, il reste fid\u00e8le \u00e0 lui-m\u00eame et \u00e0 sa pr\u00e9occupation la plus profonde : il est soucieux de la communication, car cela relie les gens &#8211; et l&rsquo;art n&rsquo;est-il pas la plus belle forme de communication ?[\/vc_column_text][\/vc_column][vc_column width=\u00a0\u00bb1\/3&Prime;][\/vc_column][\/vc_row][vc_row][vc_column][vc_separator color=\u00a0\u00bbcustom\u00a0\u00bb align=\u00a0\u00bbalign_left\u00a0\u00bb border_width=\u00a0\u00bb2&Prime; accent_color=\u00a0\u00bb#fe9306&Prime;][\/vc_column][\/vc_row]<\/p>\n<\/div>","protected":false},"excerpt":{"rendered":"<p>[vc_row][vc_column width=\u00a0\u00bb2\/3&Prime;][vc_column_text css_animation=\u00a0\u00bbleft-to-right\u00a0\u00bb] De strat\u00e8ge pop \u00e0 po\u00e8te des couleurs DAGMAR BURISH, Historien d&rsquo;art &nbsp; Bernd Luz a l&rsquo;instinct de collectionneur. Mais ce ne sont pas des choses que l&rsquo;artiste et designer en communication dipl\u00f4m\u00e9 de Neuhausen ob Eck collectionne assid\u00fbment, mais des trouvailles, des impressions et des images que la vie quotidienne lui envoie, [&hellip;]<\/p>\n","protected":false},"author":1,"featured_media":0,"parent":0,"menu_order":0,"comment_status":"closed","ping_status":"closed","template":"","meta":{"footnotes":""},"class_list":["post-7096","page","type-page","status-publish","hentry"],"yoast_head":"<!-- This site is optimized with the Yoast SEO plugin v26.8 - https:\/\/yoast.com\/product\/yoast-seo-wordpress\/ -->\n<title>DESCRIPTION DU TRAVAIL - Bernd Luz<\/title>\n<meta name=\"robots\" content=\"index, follow, max-snippet:-1, max-image-preview:large, max-video-preview:-1\" \/>\n<link rel=\"canonical\" href=\"https:\/\/berndluz.de\/fr\/loeuvre\/\" \/>\n<meta property=\"og:locale\" content=\"fr_FR\" \/>\n<meta property=\"og:type\" content=\"article\" \/>\n<meta property=\"og:title\" content=\"DESCRIPTION DU TRAVAIL - Bernd Luz\" \/>\n<meta property=\"og:description\" content=\"[vc_row][vc_column width=\u00a0\u00bb2\/3&Prime;][vc_column_text css_animation=\u00a0\u00bbleft-to-right\u00a0\u00bb] De strat\u00e8ge pop \u00e0 po\u00e8te des couleurs DAGMAR BURISH, Historien d&rsquo;art &nbsp; Bernd Luz a l&rsquo;instinct de collectionneur. Mais ce ne sont pas des choses que l&rsquo;artiste et designer en communication dipl\u00f4m\u00e9 de Neuhausen ob Eck collectionne assid\u00fbment, mais des trouvailles, des impressions et des images que la vie quotidienne lui envoie, [&hellip;]\" \/>\n<meta property=\"og:url\" content=\"https:\/\/berndluz.de\/fr\/loeuvre\/\" \/>\n<meta property=\"og:site_name\" content=\"Bernd Luz\" \/>\n<meta property=\"article:modified_time\" content=\"2022-07-27T15:22:26+00:00\" \/>\n<meta name=\"twitter:card\" content=\"summary_large_image\" \/>\n<meta name=\"twitter:label1\" content=\"Dur\u00e9e de lecture estim\u00e9e\" \/>\n\t<meta name=\"twitter:data1\" content=\"2 minutes\" \/>\n<script type=\"application\/ld+json\" class=\"yoast-schema-graph\">{\"@context\":\"https:\/\/schema.org\",\"@graph\":[{\"@type\":\"WebPage\",\"@id\":\"https:\/\/berndluz.de\/fr\/loeuvre\/\",\"url\":\"https:\/\/berndluz.de\/fr\/loeuvre\/\",\"name\":\"DESCRIPTION DU TRAVAIL - Bernd Luz\",\"isPartOf\":{\"@id\":\"https:\/\/berndluz.de\/fr\/#website\"},\"datePublished\":\"2016-06-17T11:12:22+00:00\",\"dateModified\":\"2022-07-27T15:22:26+00:00\",\"breadcrumb\":{\"@id\":\"https:\/\/berndluz.de\/fr\/loeuvre\/#breadcrumb\"},\"inLanguage\":\"fr-FR\",\"potentialAction\":[{\"@type\":\"ReadAction\",\"target\":[\"https:\/\/berndluz.de\/fr\/loeuvre\/\"]}]},{\"@type\":\"BreadcrumbList\",\"@id\":\"https:\/\/berndluz.de\/fr\/loeuvre\/#breadcrumb\",\"itemListElement\":[{\"@type\":\"ListItem\",\"position\":1,\"name\":\"Startseite\",\"item\":\"https:\/\/berndluz.de\/fr\/\"},{\"@type\":\"ListItem\",\"position\":2,\"name\":\"DESCRIPTION DU TRAVAIL\"}]},{\"@type\":\"WebSite\",\"@id\":\"https:\/\/berndluz.de\/fr\/#website\",\"url\":\"https:\/\/berndluz.de\/fr\/\",\"name\":\"Bernd Luz\",\"description\":\"Bernd Luz\",\"potentialAction\":[{\"@type\":\"SearchAction\",\"target\":{\"@type\":\"EntryPoint\",\"urlTemplate\":\"https:\/\/berndluz.de\/fr\/?s={search_term_string}\"},\"query-input\":{\"@type\":\"PropertyValueSpecification\",\"valueRequired\":true,\"valueName\":\"search_term_string\"}}],\"inLanguage\":\"fr-FR\"}]}<\/script>\n<!-- \/ Yoast SEO plugin. -->","yoast_head_json":{"title":"DESCRIPTION DU TRAVAIL - Bernd Luz","robots":{"index":"index","follow":"follow","max-snippet":"max-snippet:-1","max-image-preview":"max-image-preview:large","max-video-preview":"max-video-preview:-1"},"canonical":"https:\/\/berndluz.de\/fr\/loeuvre\/","og_locale":"fr_FR","og_type":"article","og_title":"DESCRIPTION DU TRAVAIL - Bernd Luz","og_description":"[vc_row][vc_column width=\u00a0\u00bb2\/3&Prime;][vc_column_text css_animation=\u00a0\u00bbleft-to-right\u00a0\u00bb] De strat\u00e8ge pop \u00e0 po\u00e8te des couleurs DAGMAR BURISH, Historien d&rsquo;art &nbsp; Bernd Luz a l&rsquo;instinct de collectionneur. Mais ce ne sont pas des choses que l&rsquo;artiste et designer en communication dipl\u00f4m\u00e9 de Neuhausen ob Eck collectionne assid\u00fbment, mais des trouvailles, des impressions et des images que la vie quotidienne lui envoie, [&hellip;]","og_url":"https:\/\/berndluz.de\/fr\/loeuvre\/","og_site_name":"Bernd Luz","article_modified_time":"2022-07-27T15:22:26+00:00","twitter_card":"summary_large_image","twitter_misc":{"Dur\u00e9e de lecture estim\u00e9e":"2 minutes"},"schema":{"@context":"https:\/\/schema.org","@graph":[{"@type":"WebPage","@id":"https:\/\/berndluz.de\/fr\/loeuvre\/","url":"https:\/\/berndluz.de\/fr\/loeuvre\/","name":"DESCRIPTION DU TRAVAIL - Bernd Luz","isPartOf":{"@id":"https:\/\/berndluz.de\/fr\/#website"},"datePublished":"2016-06-17T11:12:22+00:00","dateModified":"2022-07-27T15:22:26+00:00","breadcrumb":{"@id":"https:\/\/berndluz.de\/fr\/loeuvre\/#breadcrumb"},"inLanguage":"fr-FR","potentialAction":[{"@type":"ReadAction","target":["https:\/\/berndluz.de\/fr\/loeuvre\/"]}]},{"@type":"BreadcrumbList","@id":"https:\/\/berndluz.de\/fr\/loeuvre\/#breadcrumb","itemListElement":[{"@type":"ListItem","position":1,"name":"Startseite","item":"https:\/\/berndluz.de\/fr\/"},{"@type":"ListItem","position":2,"name":"DESCRIPTION DU TRAVAIL"}]},{"@type":"WebSite","@id":"https:\/\/berndluz.de\/fr\/#website","url":"https:\/\/berndluz.de\/fr\/","name":"Bernd Luz","description":"Bernd Luz","potentialAction":[{"@type":"SearchAction","target":{"@type":"EntryPoint","urlTemplate":"https:\/\/berndluz.de\/fr\/?s={search_term_string}"},"query-input":{"@type":"PropertyValueSpecification","valueRequired":true,"valueName":"search_term_string"}}],"inLanguage":"fr-FR"}]}},"_links":{"self":[{"href":"https:\/\/berndluz.de\/fr\/wp-json\/wp\/v2\/pages\/7096","targetHints":{"allow":["GET"]}}],"collection":[{"href":"https:\/\/berndluz.de\/fr\/wp-json\/wp\/v2\/pages"}],"about":[{"href":"https:\/\/berndluz.de\/fr\/wp-json\/wp\/v2\/types\/page"}],"author":[{"embeddable":true,"href":"https:\/\/berndluz.de\/fr\/wp-json\/wp\/v2\/users\/1"}],"replies":[{"embeddable":true,"href":"https:\/\/berndluz.de\/fr\/wp-json\/wp\/v2\/comments?post=7096"}],"version-history":[{"count":8,"href":"https:\/\/berndluz.de\/fr\/wp-json\/wp\/v2\/pages\/7096\/revisions"}],"predecessor-version":[{"id":22912,"href":"https:\/\/berndluz.de\/fr\/wp-json\/wp\/v2\/pages\/7096\/revisions\/22912"}],"wp:attachment":[{"href":"https:\/\/berndluz.de\/fr\/wp-json\/wp\/v2\/media?parent=7096"}],"curies":[{"name":"wp","href":"https:\/\/api.w.org\/{rel}","templated":true}]}}