{"id":7100,"date":"2016-06-17T13:14:29","date_gmt":"2016-06-17T11:14:29","guid":{"rendered":"http:\/\/berndluz.de\/fr\/?page_id=7100"},"modified":"2025-12-10T10:58:45","modified_gmt":"2025-12-10T08:58:45","slug":"lartiste","status":"publish","type":"page","link":"https:\/\/berndluz.de\/fr\/lartiste\/","title":{"rendered":"L\u2018ARTISTE"},"content":{"rendered":"<div class=\"wpb-content-wrapper\"><p>[vc_row][vc_column width=\u00a0\u00bb1\/2&Prime;][vc_single_image image=\u00a0\u00bb17751&Prime; img_size=\u00a0\u00bbfull\u00a0\u00bb css_animation=\u00a0\u00bbleft-to-right\u00a0\u00bb][\/vc_column][vc_column width=\u00a0\u00bb1\/3&Prime;][vc_custom_heading text=\u00a0\u00bbBernd Luz\u00a0\u00bb font_container=\u00a0\u00bbtag:h1|font_size:48|text_align:left\u00a0\u00bb google_fonts=\u00a0\u00bbfont_family:Lobster%3Aregular|font_style:400%20regular%3A400%3Anormal\u00a0\u00bb][vc_column_text css_animation=\u00a0\u00bbleft-to-right\u00a0\u00bb]Insolite et terre \u00e0 terre<\/p>\n<p>Designer dipl\u00f4m\u00e9, (FH)<br \/>\nm\u00e9tier comme vocation<br \/>\nInd\u00e9pendant, passionn\u00e9, motivant et cr\u00e9atif &#8211; dans tous les domaines de la vie<br \/>\n\u00ab\u00a0Vivez\u00a0\u00bb avec plaisir et joie<br \/>\nEnthousiasm\u00e9 par les v\u00e9hicules historiques, Goethe et les excursions en cano\u00eb, entre autres choses<br \/>\nVit dans le sud de l&rsquo;Allemagne entre Zurich et Stuttgart[\/vc_column_text][\/vc_column][\/vc_row][vc_row][vc_column][vc_separator color=\u00a0\u00bbcustom\u00a0\u00bb align=\u00a0\u00bbalign_left\u00a0\u00bb border_width=\u00a0\u00bb2&Prime; accent_color=\u00a0\u00bb#fe9306&Prime;][vc_custom_heading text=\u00a0\u00bbVita\u00a0\u00bb font_container=\u00a0\u00bbtag:h2|font_size:38|text_align:left\u00a0\u00bb google_fonts=\u00a0\u00bbfont_family:Lobster%3Aregular|font_style:400%20regular%3A400%3Anormal\u00a0\u00bb][vc_column_text]<\/p>\n<ul>\n<li>Travailleur ind\u00e9pendant avec l\u2019agence de publicit\u00e9 revoLUZion \u00e0 Neuhausen ob Eck<\/li>\n<li>Un grand nombre de prix de design internationaux et de publications<br \/>\ndans des meilleurs livres de design pour les graphiques, logos et conceptions<\/li>\n<li>Expos\u00e9s \u00e0 l\u2019Academy of Art \u00e0 San Francisco ainsi que dans diff\u00e9rents \u00e9tablissements<br \/>\nde formation r\u00e9gionaux<\/li>\n<li>Diff\u00e9rentes activit\u00e9s d\u2019enseignement et ateliers<\/li>\n<li>\u00c9tudes de design photo \u00e0 Ravensburg<\/li>\n<li>\u00c9tude de concept de communication \u00e0 Constance<\/li>\n<li>Expositions avec aquarelles, photographies et City Pops<\/li>\n<li>Formation technique de m\u00e9canicien industriel avec distinction<\/li>\n<li>Un grand nombre de films dans sa jeunesse, d\u00e8s 1984 vente des droits de diffusion<\/li>\n<li>d\u2019un film \u00e0 la cha\u00eene suisse \u00e0 la SRG<\/li>\n<li>1. place lors du Festival du Cin\u00e9 Jeunesse Suisse, autres films prim\u00e9s<\/li>\n<li>Tr\u00e8s jeune, peinture \u00e0 l\u2019huile et \u00e0 l\u2019acrylique, bandes dessin\u00e9es et dessins anim\u00e9s<\/li>\n<\/ul>\n<p>[\/vc_column_text][vc_separator color=\u00a0\u00bbcustom\u00a0\u00bb align=\u00a0\u00bbalign_left\u00a0\u00bb border_width=\u00a0\u00bb2&Prime; accent_color=\u00a0\u00bb#fe9306&Prime;][\/vc_column][\/vc_row][vc_row][vc_column width=\u00a0\u00bb1\/3&Prime;][vc_single_image image=\u00a0\u00bb25104&Prime; img_size=\u00a0\u00bbfull\u00a0\u00bb css_animation=\u00a0\u00bbappear\u00a0\u00bb][vc_text_separator title=\u00a0\u00bb82er Flatnose\u00a0\u00bb title_align=\u00a0\u00bbseparator_align_left\u00a0\u00bb align=\u00a0\u00bbalign_left\u00a0\u00bb css=\u00a0\u00bb.vc_custom_1695895231411{margin-top: -16px !important;margin-bottom: 20px !important;border-top-width: -16px !important;border-bottom-width: 20px !important;padding-top: -16px !important;padding-bottom: 20px !important;}\u00a0\u00bb][\/vc_column][vc_column width=\u00a0\u00bb1\/3&Prime;][vc_single_image image=\u00a0\u00bb25108&Prime; img_size=\u00a0\u00bbfull\u00a0\u00bb css_animation=\u00a0\u00bbappear\u00a0\u00bb][vc_text_separator title=\u00a0\u00bbDornier Hangar\u00a0\u00bb title_align=\u00a0\u00bbseparator_align_left\u00a0\u00bb align=\u00a0\u00bbalign_left\u00a0\u00bb css=\u00a0\u00bb.vc_custom_1765354456907{margin-top: -16px !important;margin-bottom: 20px !important;border-top-width: -16px !important;border-bottom-width: 20px !important;padding-top: -16px !important;padding-bottom: 20px !important;}\u00a0\u00bb][\/vc_column][vc_column width=\u00a0\u00bb1\/3&Prime;][vc_single_image image=\u00a0\u00bb25112&Prime; img_size=\u00a0\u00bbfull\u00a0\u00bb css_animation=\u00a0\u00bbappear\u00a0\u00bb][vc_text_separator title=\u00a0\u00bb68er Mustang\u00a0\u00bb title_align=\u00a0\u00bbseparator_align_left\u00a0\u00bb align=\u00a0\u00bbalign_left\u00a0\u00bb css=\u00a0\u00bb.vc_custom_1695895303488{margin-top: -16px !important;margin-bottom: 20px !important;border-top-width: -16px !important;border-bottom-width: 20px !important;padding-top: -16px !important;padding-bottom: 20px !important;}\u00a0\u00bb][\/vc_column][\/vc_row][vc_row][vc_column width=\u00a0\u00bb1\/3&Prime;][vc_single_image image=\u00a0\u00bb5872&Prime; img_size=\u00a0\u00bbfull\u00a0\u00bb css_animation=\u00a0\u00bbappear\u00a0\u00bb][vc_text_separator title=\u00a0\u00bbVisitez le Mille Miglia 2016 \/ Mantoue\u00a0\u00bb title_align=\u00a0\u00bbseparator_align_left\u00a0\u00bb align=\u00a0\u00bbalign_left\u00a0\u00bb css=\u00a0\u00bb.vc_custom_1466174223069{margin-top: -16px !important;margin-bottom: 20px !important;border-top-width: -16px !important;border-bottom-width: 20px !important;padding-top: -16px !important;padding-bottom: 20px !important;}\u00a0\u00bb][\/vc_column][vc_column width=\u00a0\u00bb1\/3&Prime;][vc_single_image image=\u00a0\u00bb5876&Prime; img_size=\u00a0\u00bbfull\u00a0\u00bb css_animation=\u00a0\u00bbappear\u00a0\u00bb][vc_text_separator title=\u00a0\u00bbAutodromo Monza avec le Karmann Ghia\u00a0\u00bb title_align=\u00a0\u00bbseparator_align_left\u00a0\u00bb align=\u00a0\u00bbalign_left\u00a0\u00bb css=\u00a0\u00bb.vc_custom_1466174241819{margin-top: -16px !important;margin-bottom: 20px !important;border-top-width: -16px !important;border-bottom-width: 20px !important;padding-top: -16px !important;padding-bottom: 20px !important;}\u00a0\u00bb][\/vc_column][vc_column width=\u00a0\u00bb1\/3&Prime;][vc_single_image image=\u00a0\u00bb5880&Prime; img_size=\u00a0\u00bbfull\u00a0\u00bb css_animation=\u00a0\u00bbappear\u00a0\u00bb][vc_text_separator title=\u00a0\u00bbAutodromo Nazionale di Monza\u00a0\u00bb title_align=\u00a0\u00bbseparator_align_left\u00a0\u00bb align=\u00a0\u00bbalign_left\u00a0\u00bb css=\u00a0\u00bb.vc_custom_1464173880958{margin-top: -16px !important;margin-bottom: 20px !important;border-top-width: -16px !important;border-bottom-width: 20px !important;padding-top: -16px !important;padding-bottom: 20px !important;}\u00a0\u00bb][\/vc_column][\/vc_row][vc_row][vc_column width=\u00a0\u00bb1\/3&Prime;][vc_single_image image=\u00a0\u00bb3177&Prime; img_size=\u00a0\u00bbfull\u00a0\u00bb css_animation=\u00a0\u00bbappear\u00a0\u00bb][vc_text_separator title=\u00a0\u00bbAtelier\u00a0\u00bb title_align=\u00a0\u00bbseparator_align_left\u00a0\u00bb align=\u00a0\u00bbalign_left\u00a0\u00bb css=\u00a0\u00bb.vc_custom_1467120006107{margin-top: -16px !important;margin-bottom: 20px !important;border-top-width: -16px !important;border-bottom-width: 20px !important;padding-top: -16px !important;padding-bottom: 20px !important;}\u00a0\u00bb][\/vc_column][vc_column width=\u00a0\u00bb1\/3&Prime;][vc_single_image image=\u00a0\u00bb6810&Prime; img_size=\u00a0\u00bbfull\u00a0\u00bb css_animation=\u00a0\u00bbappear\u00a0\u00bb][\/vc_column][vc_column width=\u00a0\u00bb1\/3&Prime;][vc_single_image image=\u00a0\u00bb6035&Prime; img_size=\u00a0\u00bbfull\u00a0\u00bb css_animation=\u00a0\u00bbappear\u00a0\u00bb][vc_text_separator title=\u00a0\u00bbMa fille Alica\u00a0\u00bb title_align=\u00a0\u00bbseparator_align_left\u00a0\u00bb align=\u00a0\u00bbalign_left\u00a0\u00bb css=\u00a0\u00bb.vc_custom_1658936486055{margin-top: -16px !important;margin-bottom: 20px !important;border-top-width: -16px !important;border-bottom-width: 20px !important;padding-top: -16px !important;padding-bottom: 20px !important;}\u00a0\u00bb][\/vc_column][\/vc_row][vc_row][vc_column width=\u00a0\u00bb1\/3&Prime;][vc_single_image image=\u00a0\u00bb857&Prime; img_size=\u00a0\u00bbfull\u00a0\u00bb css_animation=\u00a0\u00bbappear\u00a0\u00bb][\/vc_column][vc_column width=\u00a0\u00bb1\/3&Prime;][vc_single_image image=\u00a0\u00bb6814&Prime; img_size=\u00a0\u00bbfull\u00a0\u00bb css_animation=\u00a0\u00bbappear\u00a0\u00bb][vc_text_separator title=\u00a0\u00bbEurasier Hampton\u00a0\u00bb title_align=\u00a0\u00bbseparator_align_left\u00a0\u00bb align=\u00a0\u00bbalign_left\u00a0\u00bb css=\u00a0\u00bb.vc_custom_1465801752080{margin-top: -16px !important;margin-bottom: 20px !important;border-top-width: -16px !important;border-bottom-width: 20px !important;padding-top: -16px !important;padding-bottom: 20px !important;}\u00a0\u00bb][\/vc_column][vc_column width=\u00a0\u00bb1\/3&Prime;][vc_single_image image=\u00a0\u00bb870&Prime; img_size=\u00a0\u00bbfull\u00a0\u00bb css_animation=\u00a0\u00bbappear\u00a0\u00bb][vc_text_separator title=\u00a0\u00bbFight Night de client Universum Box Promotion (Hamburg)\u00a0\u00bb title_align=\u00a0\u00bbseparator_align_left\u00a0\u00bb align=\u00a0\u00bbalign_left\u00a0\u00bb css=\u00a0\u00bb.vc_custom_1466174307905{margin-top: -16px !important;margin-bottom: 20px !important;border-top-width: -16px !important;border-bottom-width: 20px !important;padding-top: -16px !important;padding-bottom: 20px !important;}\u00a0\u00bb][\/vc_column][\/vc_row][vc_row][vc_column][vc_separator color=\u00a0\u00bbcustom\u00a0\u00bb align=\u00a0\u00bbalign_left\u00a0\u00bb border_width=\u00a0\u00bb2&Prime; accent_color=\u00a0\u00bb#fe9306&Prime;][\/vc_column][\/vc_row][vc_row][vc_column width=\u00a0\u00bb1\/2&Prime;][vc_video link=\u00a0\u00bbhttps:\/\/vimeo.com\/18153562&Prime;][\/vc_column][vc_column width=\u00a0\u00bb1\/2&Prime;][vc_column_text]Whitehorse &#8211; Yukon <span id=\"result_box\" class=\"short_text\" lang=\"fr\"><span class=\"alt-edited\">de Mushing<\/span><\/span> by Bernd Luz[\/vc_column_text][\/vc_column][\/vc_row]<\/p>\n<\/div>","protected":false},"excerpt":{"rendered":"<p>[vc_row][vc_column width=\u00a0\u00bb1\/2&Prime;][vc_single_image image=\u00a0\u00bb17751&Prime; img_size=\u00a0\u00bbfull\u00a0\u00bb css_animation=\u00a0\u00bbleft-to-right\u00a0\u00bb][\/vc_column][vc_column width=\u00a0\u00bb1\/3&Prime;][vc_custom_heading text=\u00a0\u00bbBernd Luz\u00a0\u00bb font_container=\u00a0\u00bbtag:h1|font_size:48|text_align:left\u00a0\u00bb google_fonts=\u00a0\u00bbfont_family:Lobster%3Aregular|font_style:400%20regular%3A400%3Anormal\u00a0\u00bb][vc_column_text css_animation=\u00a0\u00bbleft-to-right\u00a0\u00bb]Insolite et terre \u00e0 terre Designer dipl\u00f4m\u00e9, (FH) m\u00e9tier comme vocation Ind\u00e9pendant, passionn\u00e9, motivant et cr\u00e9atif &#8211; dans tous les domaines de la vie \u00ab\u00a0Vivez\u00a0\u00bb avec plaisir et joie Enthousiasm\u00e9 par les v\u00e9hicules historiques, Goethe et les excursions en cano\u00eb, entre autres choses Vit dans [&hellip;]<\/p>\n","protected":false},"author":4,"featured_media":0,"parent":0,"menu_order":0,"comment_status":"closed","ping_status":"closed","template":"","meta":{"footnotes":""},"class_list":["post-7100","page","type-page","status-publish","hentry"],"yoast_head":"<!-- This site is optimized with the Yoast SEO plugin v26.8 - https:\/\/yoast.com\/product\/yoast-seo-wordpress\/ -->\n<title>L\u2018ARTISTE - Bernd Luz<\/title>\n<meta name=\"robots\" content=\"index, follow, max-snippet:-1, max-image-preview:large, max-video-preview:-1\" \/>\n<link rel=\"canonical\" href=\"https:\/\/berndluz.de\/fr\/lartiste\/\" \/>\n<meta property=\"og:locale\" content=\"fr_FR\" \/>\n<meta property=\"og:type\" content=\"article\" \/>\n<meta property=\"og:title\" content=\"L\u2018ARTISTE - Bernd Luz\" \/>\n<meta property=\"og:description\" content=\"[vc_row][vc_column width=\u00a0\u00bb1\/2&Prime;][vc_single_image image=\u00a0\u00bb17751&Prime; img_size=\u00a0\u00bbfull\u00a0\u00bb css_animation=\u00a0\u00bbleft-to-right\u00a0\u00bb][\/vc_column][vc_column width=\u00a0\u00bb1\/3&Prime;][vc_custom_heading text=\u00a0\u00bbBernd Luz\u00a0\u00bb font_container=\u00a0\u00bbtag:h1|font_size:48|text_align:left\u00a0\u00bb google_fonts=\u00a0\u00bbfont_family:Lobster%3Aregular|font_style:400%20regular%3A400%3Anormal\u00a0\u00bb][vc_column_text css_animation=\u00a0\u00bbleft-to-right\u00a0\u00bb]Insolite et terre \u00e0 terre Designer dipl\u00f4m\u00e9, (FH) m\u00e9tier comme vocation Ind\u00e9pendant, passionn\u00e9, motivant et cr\u00e9atif &#8211; dans tous les domaines de la vie \u00ab\u00a0Vivez\u00a0\u00bb avec plaisir et joie Enthousiasm\u00e9 par les v\u00e9hicules historiques, Goethe et les excursions en cano\u00eb, entre autres choses Vit dans [&hellip;]\" \/>\n<meta property=\"og:url\" content=\"https:\/\/berndluz.de\/fr\/lartiste\/\" \/>\n<meta property=\"og:site_name\" content=\"Bernd Luz\" \/>\n<meta property=\"article:modified_time\" content=\"2025-12-10T08:58:45+00:00\" \/>\n<meta name=\"twitter:card\" content=\"summary_large_image\" \/>\n<meta name=\"twitter:label1\" content=\"Dur\u00e9e de lecture estim\u00e9e\" \/>\n\t<meta name=\"twitter:data1\" content=\"4 minutes\" \/>\n<script type=\"application\/ld+json\" class=\"yoast-schema-graph\">{\"@context\":\"https:\/\/schema.org\",\"@graph\":[{\"@type\":\"WebPage\",\"@id\":\"https:\/\/berndluz.de\/fr\/lartiste\/\",\"url\":\"https:\/\/berndluz.de\/fr\/lartiste\/\",\"name\":\"L\u2018ARTISTE - Bernd Luz\",\"isPartOf\":{\"@id\":\"https:\/\/berndluz.de\/fr\/#website\"},\"datePublished\":\"2016-06-17T11:14:29+00:00\",\"dateModified\":\"2025-12-10T08:58:45+00:00\",\"breadcrumb\":{\"@id\":\"https:\/\/berndluz.de\/fr\/lartiste\/#breadcrumb\"},\"inLanguage\":\"fr-FR\",\"potentialAction\":[{\"@type\":\"ReadAction\",\"target\":[\"https:\/\/berndluz.de\/fr\/lartiste\/\"]}]},{\"@type\":\"BreadcrumbList\",\"@id\":\"https:\/\/berndluz.de\/fr\/lartiste\/#breadcrumb\",\"itemListElement\":[{\"@type\":\"ListItem\",\"position\":1,\"name\":\"Startseite\",\"item\":\"https:\/\/berndluz.de\/fr\/\"},{\"@type\":\"ListItem\",\"position\":2,\"name\":\"L\u2018ARTISTE\"}]},{\"@type\":\"WebSite\",\"@id\":\"https:\/\/berndluz.de\/fr\/#website\",\"url\":\"https:\/\/berndluz.de\/fr\/\",\"name\":\"Bernd Luz\",\"description\":\"Bernd Luz\",\"potentialAction\":[{\"@type\":\"SearchAction\",\"target\":{\"@type\":\"EntryPoint\",\"urlTemplate\":\"https:\/\/berndluz.de\/fr\/?s={search_term_string}\"},\"query-input\":{\"@type\":\"PropertyValueSpecification\",\"valueRequired\":true,\"valueName\":\"search_term_string\"}}],\"inLanguage\":\"fr-FR\"}]}<\/script>\n<!-- \/ Yoast SEO plugin. -->","yoast_head_json":{"title":"L\u2018ARTISTE - Bernd Luz","robots":{"index":"index","follow":"follow","max-snippet":"max-snippet:-1","max-image-preview":"max-image-preview:large","max-video-preview":"max-video-preview:-1"},"canonical":"https:\/\/berndluz.de\/fr\/lartiste\/","og_locale":"fr_FR","og_type":"article","og_title":"L\u2018ARTISTE - Bernd Luz","og_description":"[vc_row][vc_column width=\u00a0\u00bb1\/2&Prime;][vc_single_image image=\u00a0\u00bb17751&Prime; img_size=\u00a0\u00bbfull\u00a0\u00bb css_animation=\u00a0\u00bbleft-to-right\u00a0\u00bb][\/vc_column][vc_column width=\u00a0\u00bb1\/3&Prime;][vc_custom_heading text=\u00a0\u00bbBernd Luz\u00a0\u00bb font_container=\u00a0\u00bbtag:h1|font_size:48|text_align:left\u00a0\u00bb google_fonts=\u00a0\u00bbfont_family:Lobster%3Aregular|font_style:400%20regular%3A400%3Anormal\u00a0\u00bb][vc_column_text css_animation=\u00a0\u00bbleft-to-right\u00a0\u00bb]Insolite et terre \u00e0 terre Designer dipl\u00f4m\u00e9, (FH) m\u00e9tier comme vocation Ind\u00e9pendant, passionn\u00e9, motivant et cr\u00e9atif &#8211; dans tous les domaines de la vie \u00ab\u00a0Vivez\u00a0\u00bb avec plaisir et joie Enthousiasm\u00e9 par les v\u00e9hicules historiques, Goethe et les excursions en cano\u00eb, entre autres choses Vit dans [&hellip;]","og_url":"https:\/\/berndluz.de\/fr\/lartiste\/","og_site_name":"Bernd Luz","article_modified_time":"2025-12-10T08:58:45+00:00","twitter_card":"summary_large_image","twitter_misc":{"Dur\u00e9e de lecture estim\u00e9e":"4 minutes"},"schema":{"@context":"https:\/\/schema.org","@graph":[{"@type":"WebPage","@id":"https:\/\/berndluz.de\/fr\/lartiste\/","url":"https:\/\/berndluz.de\/fr\/lartiste\/","name":"L\u2018ARTISTE - Bernd Luz","isPartOf":{"@id":"https:\/\/berndluz.de\/fr\/#website"},"datePublished":"2016-06-17T11:14:29+00:00","dateModified":"2025-12-10T08:58:45+00:00","breadcrumb":{"@id":"https:\/\/berndluz.de\/fr\/lartiste\/#breadcrumb"},"inLanguage":"fr-FR","potentialAction":[{"@type":"ReadAction","target":["https:\/\/berndluz.de\/fr\/lartiste\/"]}]},{"@type":"BreadcrumbList","@id":"https:\/\/berndluz.de\/fr\/lartiste\/#breadcrumb","itemListElement":[{"@type":"ListItem","position":1,"name":"Startseite","item":"https:\/\/berndluz.de\/fr\/"},{"@type":"ListItem","position":2,"name":"L\u2018ARTISTE"}]},{"@type":"WebSite","@id":"https:\/\/berndluz.de\/fr\/#website","url":"https:\/\/berndluz.de\/fr\/","name":"Bernd Luz","description":"Bernd Luz","potentialAction":[{"@type":"SearchAction","target":{"@type":"EntryPoint","urlTemplate":"https:\/\/berndluz.de\/fr\/?s={search_term_string}"},"query-input":{"@type":"PropertyValueSpecification","valueRequired":true,"valueName":"search_term_string"}}],"inLanguage":"fr-FR"}]}},"_links":{"self":[{"href":"https:\/\/berndluz.de\/fr\/wp-json\/wp\/v2\/pages\/7100","targetHints":{"allow":["GET"]}}],"collection":[{"href":"https:\/\/berndluz.de\/fr\/wp-json\/wp\/v2\/pages"}],"about":[{"href":"https:\/\/berndluz.de\/fr\/wp-json\/wp\/v2\/types\/page"}],"author":[{"embeddable":true,"href":"https:\/\/berndluz.de\/fr\/wp-json\/wp\/v2\/users\/4"}],"replies":[{"embeddable":true,"href":"https:\/\/berndluz.de\/fr\/wp-json\/wp\/v2\/comments?post=7100"}],"version-history":[{"count":3,"href":"https:\/\/berndluz.de\/fr\/wp-json\/wp\/v2\/pages\/7100\/revisions"}],"predecessor-version":[{"id":32320,"href":"https:\/\/berndluz.de\/fr\/wp-json\/wp\/v2\/pages\/7100\/revisions\/32320"}],"wp:attachment":[{"href":"https:\/\/berndluz.de\/fr\/wp-json\/wp\/v2\/media?parent=7100"}],"curies":[{"name":"wp","href":"https:\/\/api.w.org\/{rel}","templated":true}]}}